{"id":277,"date":"2020-08-03T19:37:38","date_gmt":"2020-08-03T19:37:38","guid":{"rendered":"https:\/\/derechodelosnegocios.udp.cl\/cms\/?page_id=277"},"modified":"2021-05-06T20:23:10","modified_gmt":"2021-05-07T00:23:10","slug":"andrea-maldonado-benedetti","status":"publish","type":"page","link":"https:\/\/derechodelosnegocios.udp.cl\/en\/nosotros\/equipo\/andrea-maldonado-benedetti\/","title":{"rendered":"Andrea Maldonado Benedetti"},"content":{"rendered":"<p><\/p>\n<h3 class=\"p1\"><span class=\"s1\">Higher Education<\/span><\/h3>\n<p class=\"p3\"><span class=\"s1\">Licenciada en Ciencias Jur\u00eddicas y Sociales. Pontificia Universidad Cat\u00f3lica de Chile<\/span><\/p>\n<p class=\"p3\"><span class=\"s1\">Post\u00edtulo en Econom\u00eda y Finanzas para Abogados de la Facultad de Econom\u00eda y Finanzas de la Universidad de Chile.<\/span><\/p>\n<p class=\"p3\"><span class=\"s1\">Diplomado en Libre Competencia. Pontificia Universidad Cat\u00f3lica de Chile<\/span><\/p>\n<p class=\"p3\"><span class=\"s1\">Diplomado en Derecho P\u00fablico Econ\u00f3mico. Universidad de Chile<\/span><\/p>\n<p class=\"p3\"><span class=\"s1\">Summer Institute in Law and Economics, Coase-Sandor Center, Universidad de Chicago (2016 y 2017).<\/span><\/p>\n<p class=\"p3\"><span class=\"s1\">M\u00e1ster en Derecho Internacional, Inversiones, Comercio y Arbitraje (LLM) de la Facultad de Derecho de la Universidad de Heidelberg-Universidad de Chile.<\/span><\/p>\n<h3><\/h3>\n<h3 class=\"p5\">Investigation lines or research areas<\/h3>\n<p class=\"p6\"><span class=\"s2\">Econom\u00eda, Derecho y Econom\u00eda,\u00a0Libre Competencia, Derecho Comercial y Derecho Laboral. Especialista en <\/span><span class=\"s1\">materias corporativas, inmobiliarias, laborales, concesiones de obra p\u00fablica, propiedad intelectual y derecho del consumidor.<\/span><\/p>\n<h3><\/h3>\n<h3 class=\"p5\"><span class=\"s1\">Teaching<\/span><\/h3>\n<p class=\"p8\"><span class=\"s1\">Econom\u00eda. Universidad Diego Portales (Facultad de Derecho)<\/span><\/p>\n<p class=\"p8\"><span class=\"s1\">Derecho Comercial. Universidad Diego Portales (Facultad de Derecho)<\/span><\/p>\n<p><\/p>","protected":false},"excerpt":{"rendered":"<p>Higher Education Licenciada en Ciencias Jur\u00eddicas y Sociales. Pontificia Universidad Cat\u00f3lica de Chile Post\u00edtulo en Econom\u00eda y Finanzas para Abogados de la Facultad de Econom\u00eda y Finanzas de la Universidad de Chile. Diplomado en Libre Competencia. Pontificia Universidad Cat\u00f3lica de Chile Diplomado en Derecho P\u00fablico Econ\u00f3mico. Universidad de Chile Summer Institute in Law and Economics, [&hellip;]<\/p>\n","protected":false},"author":1,"featured_media":455,"parent":117,"menu_order":13,"comment_status":"closed","ping_status":"closed","template":"","meta":{"_acf_changed":false,"footnotes":""},"class_list":["post-277","page","type-page","status-publish","has-post-thumbnail","hentry"],"acf":[],"_links":{"self":[{"href":"https:\/\/derechodelosnegocios.udp.cl\/en\/wp-json\/wp\/v2\/pages\/277"}],"collection":[{"href":"https:\/\/derechodelosnegocios.udp.cl\/en\/wp-json\/wp\/v2\/pages"}],"about":[{"href":"https:\/\/derechodelosnegocios.udp.cl\/en\/wp-json\/wp\/v2\/types\/page"}],"author":[{"embeddable":true,"href":"https:\/\/derechodelosnegocios.udp.cl\/en\/wp-json\/wp\/v2\/users\/1"}],"replies":[{"embeddable":true,"href":"https:\/\/derechodelosnegocios.udp.cl\/en\/wp-json\/wp\/v2\/comments?post=277"}],"version-history":[{"count":12,"href":"https:\/\/derechodelosnegocios.udp.cl\/en\/wp-json\/wp\/v2\/pages\/277\/revisions"}],"predecessor-version":[{"id":1567,"href":"https:\/\/derechodelosnegocios.udp.cl\/en\/wp-json\/wp\/v2\/pages\/277\/revisions\/1567"}],"up":[{"embeddable":true,"href":"https:\/\/derechodelosnegocios.udp.cl\/en\/wp-json\/wp\/v2\/pages\/117"}],"wp:featuredmedia":[{"embeddable":true,"href":"https:\/\/derechodelosnegocios.udp.cl\/en\/wp-json\/wp\/v2\/media\/455"}],"wp:attachment":[{"href":"https:\/\/derechodelosnegocios.udp.cl\/en\/wp-json\/wp\/v2\/media?parent=277"}],"curies":[{"name":"wp","href":"https:\/\/api.w.org\/{rel}","templated":true}]}}