{"id":333,"date":"2020-08-04T03:10:36","date_gmt":"2020-08-04T03:10:36","guid":{"rendered":"https:\/\/derechodelosnegocios.udp.cl\/cms\/?page_id=333"},"modified":"2021-03-21T19:15:45","modified_gmt":"2021-03-21T19:15:45","slug":"nicolas-tagle-swett","status":"publish","type":"page","link":"https:\/\/derechodelosnegocios.udp.cl\/en\/nosotros\/equipo\/nicolas-tagle-swett\/","title":{"rendered":"Nicol\u00e1s Tagle Swett"},"content":{"rendered":"<p><\/p>\n<h3>Higher Education<\/h3>\n<p>Licenciado en Ciencias Jur\u00eddicas y Sociales. Facultad de Derecho Universidad Gabriela Mistral<\/p>\n<p>Curso de Perfeccionamiento Derecho Civil. Facultad de Derecho Universidad Adolfo Ib\u00e1\u00f1ez<\/p>\n<p>Curso Contratos y su Tributaci\u00f3n. Facultad de Derecho Universidad Finis Terrae<\/p>\n<p>M\u00e1ster en Derecho de los Negocios (MBL). Universidad Adolfo Ib\u00e1\u00f1ez<\/p>\n<p>&nbsp;<\/p>\n<h3>Investigation lines or research areas<\/h3>\n<p>Corporativo, Civil, Comercial, Legislaci\u00f3n de Valores, Inversi\u00f3n Extranjera, Fusiones y Adquisiciones, Derechos del Consumidor, Inmobiliario, Financiero, Reorganizaci\u00f3n y Liquidaci\u00f3n de Empresas<\/p>\n<p>&nbsp;<\/p>\n<h3>Teaching<\/h3>\n<p>Derecho Comercial. Universidad Diego Portales (Facultad de Derecho)<\/p>","protected":false},"excerpt":{"rendered":"<p>Higher Education Licenciado en Ciencias Jur\u00eddicas y Sociales. Facultad de Derecho Universidad Gabriela Mistral Curso de Perfeccionamiento Derecho Civil. Facultad de Derecho Universidad Adolfo Ib\u00e1\u00f1ez Curso Contratos y su Tributaci\u00f3n. Facultad de Derecho Universidad Finis Terrae M\u00e1ster en Derecho de los Negocios (MBL). Universidad Adolfo Ib\u00e1\u00f1ez &nbsp; Investigation lines or research areas Corporativo, Civil, Comercial, [&hellip;]<\/p>\n","protected":false},"author":5,"featured_media":435,"parent":117,"menu_order":19,"comment_status":"closed","ping_status":"closed","template":"","meta":{"_acf_changed":false,"footnotes":""},"class_list":["post-333","page","type-page","status-publish","has-post-thumbnail","hentry"],"acf":[],"_links":{"self":[{"href":"https:\/\/derechodelosnegocios.udp.cl\/en\/wp-json\/wp\/v2\/pages\/333"}],"collection":[{"href":"https:\/\/derechodelosnegocios.udp.cl\/en\/wp-json\/wp\/v2\/pages"}],"about":[{"href":"https:\/\/derechodelosnegocios.udp.cl\/en\/wp-json\/wp\/v2\/types\/page"}],"author":[{"embeddable":true,"href":"https:\/\/derechodelosnegocios.udp.cl\/en\/wp-json\/wp\/v2\/users\/5"}],"replies":[{"embeddable":true,"href":"https:\/\/derechodelosnegocios.udp.cl\/en\/wp-json\/wp\/v2\/comments?post=333"}],"version-history":[{"count":9,"href":"https:\/\/derechodelosnegocios.udp.cl\/en\/wp-json\/wp\/v2\/pages\/333\/revisions"}],"predecessor-version":[{"id":1024,"href":"https:\/\/derechodelosnegocios.udp.cl\/en\/wp-json\/wp\/v2\/pages\/333\/revisions\/1024"}],"up":[{"embeddable":true,"href":"https:\/\/derechodelosnegocios.udp.cl\/en\/wp-json\/wp\/v2\/pages\/117"}],"wp:featuredmedia":[{"embeddable":true,"href":"https:\/\/derechodelosnegocios.udp.cl\/en\/wp-json\/wp\/v2\/media\/435"}],"wp:attachment":[{"href":"https:\/\/derechodelosnegocios.udp.cl\/en\/wp-json\/wp\/v2\/media?parent=333"}],"curies":[{"name":"wp","href":"https:\/\/api.w.org\/{rel}","templated":true}]}}