{"id":339,"date":"2020-08-04T03:12:32","date_gmt":"2020-08-04T03:12:32","guid":{"rendered":"https:\/\/derechodelosnegocios.udp.cl\/cms\/?page_id=339"},"modified":"2021-04-17T20:51:01","modified_gmt":"2021-04-17T20:51:01","slug":"martin-andres-vila-baltra","status":"publish","type":"page","link":"https:\/\/derechodelosnegocios.udp.cl\/en\/nosotros\/equipo\/martin-andres-vila-baltra\/","title":{"rendered":"Mart\u00edn Andr\u00e9s Vila Baltra"},"content":{"rendered":"<p><\/p>\n<h3>Higher Education<\/h3>\n<p>Licenciado en Ciencias Jur\u00eddicas\u00a0y Sociales Universidad de Chile<\/p>\n<p>Diplomado en Coaching. Universidad de Tampere\/UDP<\/p>\n<p>Diplomado en Educaci\u00f3n\u00a0Superior. Universidad Diego Portales<\/p>\n<p>Estudios de Doctorado en Derecho. Universidad de Buenos\u00a0Aires<\/p>\n<p>Mag\u00edster en Tributaci\u00f3n. Universidad\u00a0de Chile<\/p>\n<p>Post\u00edtulo en Econom\u00eda y Finanzas para abogados. Universidad de Chile<\/p>\n<p>Diplomado en Econom\u00eda para Abogados Universidad de Chile<\/p>\n<p>&nbsp;<\/p>\n<h3>Investigation lines or research areas<\/h3>\n<p>Derecho Tributario, Derecho de la Empresa, Creatividad e Innovaci\u00f3n<\/p>\n<p>&nbsp;<\/p>\n<h3>Publications<\/h3>\n<p>Effects of tax incentives on technological innovation<\/p>\n<p>&nbsp;<\/p>\n<p>Impacto del Acuerdo de cooperaci\u00f3n cient\u00edfica y tecnol\u00f3gica UE &#8211; Chile (2003 -2018)<\/p>\n<p>&nbsp;<\/p>\n<p>Titularidad de la acci\u00f3n penal en los delitos tributarios<\/p>\n<p>&nbsp;<\/p>\n<p>Creaci\u00f3n discursiva de realidades jur\u00eddicas en Jenaro Prieto y El Socio<\/p>\n<p>&nbsp;<\/p>\n<p>Responsabilidad y da\u00f1os. De la culpa a la actividad riesgosa.<\/p>\n<p>&nbsp;<\/p>\n<p>Tendencias legislativas actuales en Latinoam\u00e9rica.<\/p>\n<p>&nbsp;<\/p>\n<p>The Inward Investment and International Taxation Review &#8211; 2ndEdition \u2013 Chile<\/p>\n<p>&nbsp;<\/p>\n<p>An\u00e1lisis comparativo de los efectos tributarios derivados del aporte de cr\u00e9ditos personal\u00edsimos, en la conversi\u00f3n y en la transformaci\u00f3n<\/p>\n<p>&nbsp;<\/p>\n<h3>Teaching<\/h3>\n<p>Derecho Tributario. Universidad Diego Portales (Facultad de Derecho)<\/p>\n<p>Derecho de la Empresa. Universidad Diego Portales (Facultad de Econom\u00eda)<\/p>\n<p>Reorganizaci\u00f3n Empresarial. Universidad Aut\u00f3noma de Talca (Postgrado\/Mag\u00edster)<\/p>\n<p>C\u00f3digo Tributario. Universidad Finis Terrae (Postgrado\/Mag\u00edster)<\/p>\n<p>Contratos y su tributaci\u00f3n. Universidad Finis Terrae (Postgrado\/Mag\u00edster)<\/p>\n<p>Director Mag\u00edster en Gesti\u00f3n Tributaria Universidad Finis Terrae<\/p>","protected":false},"excerpt":{"rendered":"<p>Higher Education Licenciado en Ciencias Jur\u00eddicas\u00a0y Sociales Universidad de Chile Diplomado en Coaching. Universidad de Tampere\/UDP Diplomado en Educaci\u00f3n\u00a0Superior. Universidad Diego Portales Estudios de Doctorado en Derecho. Universidad de Buenos\u00a0Aires Mag\u00edster en Tributaci\u00f3n. Universidad\u00a0de Chile Post\u00edtulo en Econom\u00eda y Finanzas para abogados. Universidad de Chile Diplomado en Econom\u00eda para Abogados Universidad de Chile &nbsp; Investigation [&hellip;]<\/p>\n","protected":false},"author":5,"featured_media":492,"parent":117,"menu_order":24,"comment_status":"closed","ping_status":"closed","template":"","meta":{"_acf_changed":false,"footnotes":""},"class_list":["post-339","page","type-page","status-publish","has-post-thumbnail","hentry"],"acf":[],"_links":{"self":[{"href":"https:\/\/derechodelosnegocios.udp.cl\/en\/wp-json\/wp\/v2\/pages\/339"}],"collection":[{"href":"https:\/\/derechodelosnegocios.udp.cl\/en\/wp-json\/wp\/v2\/pages"}],"about":[{"href":"https:\/\/derechodelosnegocios.udp.cl\/en\/wp-json\/wp\/v2\/types\/page"}],"author":[{"embeddable":true,"href":"https:\/\/derechodelosnegocios.udp.cl\/en\/wp-json\/wp\/v2\/users\/5"}],"replies":[{"embeddable":true,"href":"https:\/\/derechodelosnegocios.udp.cl\/en\/wp-json\/wp\/v2\/comments?post=339"}],"version-history":[{"count":10,"href":"https:\/\/derechodelosnegocios.udp.cl\/en\/wp-json\/wp\/v2\/pages\/339\/revisions"}],"predecessor-version":[{"id":1188,"href":"https:\/\/derechodelosnegocios.udp.cl\/en\/wp-json\/wp\/v2\/pages\/339\/revisions\/1188"}],"up":[{"embeddable":true,"href":"https:\/\/derechodelosnegocios.udp.cl\/en\/wp-json\/wp\/v2\/pages\/117"}],"wp:featuredmedia":[{"embeddable":true,"href":"https:\/\/derechodelosnegocios.udp.cl\/en\/wp-json\/wp\/v2\/media\/492"}],"wp:attachment":[{"href":"https:\/\/derechodelosnegocios.udp.cl\/en\/wp-json\/wp\/v2\/media?parent=339"}],"curies":[{"name":"wp","href":"https:\/\/api.w.org\/{rel}","templated":true}]}}