{"id":344,"date":"2020-08-04T03:18:07","date_gmt":"2020-08-04T03:18:07","guid":{"rendered":"https:\/\/derechodelosnegocios.udp.cl\/cms\/?page_id=344"},"modified":"2021-03-21T19:10:48","modified_gmt":"2021-03-21T19:10:48","slug":"rafael-pereira-lagos","status":"publish","type":"page","link":"https:\/\/derechodelosnegocios.udp.cl\/en\/nosotros\/equipo\/rafael-pereira-lagos\/","title":{"rendered":"Rafael Pereira Lagos"},"content":{"rendered":"<p><\/p>\n<h3>Higher Education<\/h3>\n<p>Licenciado en Ciencias Jur\u00eddicas\u00a0y Sociales. Universidad de Chile<\/p>\n<p>Post grado en Ciencias del Trabajo, en el Programa de Econom\u00eda del Trabajo (PET)<\/p>\n<p>Curso especializaci\u00f3n sobre Libertad Sindical impartido por el Centro de Formaci\u00f3n OIT, Universidad de Bolonia y Universidad Castilla la Mancha (Italia-Espa\u00f1a)<\/p>\n<p>&nbsp;<\/p>\n<h3>Investigation lines or research areas<\/h3>\n<p>Derecho Colectivo del Trabajo, Inspecci\u00f3n del Trabajo, Litigaci\u00f3n Laboral<\/p>\n<p>&nbsp;<\/p>\n<h3>Publications<\/h3>\n<p>\u201cInspecci\u00f3n del Trabajo: el caso de Chile\u201d, en Revista Laborem N\u00b0 10, de la Sociedad Peruana de Derecho del Trabajo, Ed. Ara, Lima.<\/p>\n<p>&nbsp;<\/p>\n<p>Procedimiento Monitorio Laboral, Ed. Legal Publishing.<\/p>\n<p>&nbsp;<\/p>\n<p>\u201cEl Derecho de Huelga en Chile\u201d, en Revista Jur\u00eddica Arcis N\u00b0 5, Santiago.<\/p>\n<p>&nbsp;<\/p>\n<p>Estudios de Derecho del Trabajo y de la Seguridad Social, (7 Tomos), Director de la publicaci\u00f3n junto con el Prof. Dr. Eduardo Caama\u00f1o, Ed. Abeledo Perrot, Santiago.<\/p>\n<p>&nbsp;<\/p>\n<p>Comentario jurisprudencia \u201cReclamaci\u00f3n multa administrativa, facultades de la Inspecci\u00f3n del Trabajo\u201d en Revista de Derecho Laboral y de Seguridad Social, Thomson Reuters, Volumen II, N\u00b0 2, 2013, pp. 301-319.<\/p>\n<p>&nbsp;<\/p>\n<p>Comentario jurisprudencia \u201cDespido injustificado\u201d en Revista de Derecho Laboral y de Seguridad Social, Thomson Reuters, Volumen III, N\u00b0 1, 2015, pp. 211-223.<\/p>\n<p>&nbsp;<\/p>\n<p>Ponencia \u201cEl Derecho Colectivo en el Sector P\u00fablico\u201d en Empleo P\u00fablico en Chile: \u00bfTrabajo Decente en el Estado? Apuntes Para el Debate, Sonia Y\u00e1\u00f1ez e Irene Rojas editoras, FLACSO Chile, 2017, pp. 129-137.<\/p>\n<p>&nbsp;<\/p>\n<h3>Teaching<\/h3>\n<p>Derecho del Trabajo. Universidad Diego Portales (Facultad de Derecho)<\/p>","protected":false},"excerpt":{"rendered":"<p>Higher Education Licenciado en Ciencias Jur\u00eddicas\u00a0y Sociales. Universidad de Chile Post grado en Ciencias del Trabajo, en el Programa de Econom\u00eda del Trabajo (PET) Curso especializaci\u00f3n sobre Libertad Sindical impartido por el Centro de Formaci\u00f3n OIT, Universidad de Bolonia y Universidad Castilla la Mancha (Italia-Espa\u00f1a) &nbsp; Investigation lines or research areas Derecho Colectivo del Trabajo, [&hellip;]<\/p>\n","protected":false},"author":5,"featured_media":503,"parent":117,"menu_order":17,"comment_status":"closed","ping_status":"closed","template":"","meta":{"_acf_changed":false,"footnotes":""},"class_list":["post-344","page","type-page","status-publish","has-post-thumbnail","hentry"],"acf":[],"_links":{"self":[{"href":"https:\/\/derechodelosnegocios.udp.cl\/en\/wp-json\/wp\/v2\/pages\/344"}],"collection":[{"href":"https:\/\/derechodelosnegocios.udp.cl\/en\/wp-json\/wp\/v2\/pages"}],"about":[{"href":"https:\/\/derechodelosnegocios.udp.cl\/en\/wp-json\/wp\/v2\/types\/page"}],"author":[{"embeddable":true,"href":"https:\/\/derechodelosnegocios.udp.cl\/en\/wp-json\/wp\/v2\/users\/5"}],"replies":[{"embeddable":true,"href":"https:\/\/derechodelosnegocios.udp.cl\/en\/wp-json\/wp\/v2\/comments?post=344"}],"version-history":[{"count":7,"href":"https:\/\/derechodelosnegocios.udp.cl\/en\/wp-json\/wp\/v2\/pages\/344\/revisions"}],"predecessor-version":[{"id":1015,"href":"https:\/\/derechodelosnegocios.udp.cl\/en\/wp-json\/wp\/v2\/pages\/344\/revisions\/1015"}],"up":[{"embeddable":true,"href":"https:\/\/derechodelosnegocios.udp.cl\/en\/wp-json\/wp\/v2\/pages\/117"}],"wp:featuredmedia":[{"embeddable":true,"href":"https:\/\/derechodelosnegocios.udp.cl\/en\/wp-json\/wp\/v2\/media\/503"}],"wp:attachment":[{"href":"https:\/\/derechodelosnegocios.udp.cl\/en\/wp-json\/wp\/v2\/media?parent=344"}],"curies":[{"name":"wp","href":"https:\/\/api.w.org\/{rel}","templated":true}]}}