{"id":347,"date":"2020-08-04T03:19:29","date_gmt":"2020-08-04T03:19:29","guid":{"rendered":"https:\/\/derechodelosnegocios.udp.cl\/cms\/?page_id=347"},"modified":"2021-04-17T20:56:03","modified_gmt":"2021-04-17T20:56:03","slug":"jose-ignacio-munoz-solis","status":"publish","type":"page","link":"https:\/\/derechodelosnegocios.udp.cl\/en\/nosotros\/equipo\/jose-ignacio-munoz-solis\/","title":{"rendered":"Jos\u00e9 Ignacio Mu\u00f1oz Sol\u00eds"},"content":{"rendered":"<p><\/p>\n<h3>Higher Education<\/h3>\n<p class=\"Default\" style=\"text-align: justify;\"><span lang=\"ES-CL\" style=\"font-size: 11.0pt; font-family: 'Arial',sans-serif;\">Licenciado en Ciencias Jur\u00eddicas y Sociales. Universidad de Chile <\/span><\/p>\n<p class=\"Default\" style=\"text-align: justify;\"><span lang=\"ES-CL\" style=\"font-size: 11.0pt; font-family: 'Arial',sans-serif;\">Diplomado de Pol\u00edtica y Derecho de la Competencia, Facultad de Derecho, Universidad de Chile <\/span><\/p>\n<p class=\"Default\" style=\"text-align: justify;\"><span lang=\"ES-CL\" style=\"font-size: 11.0pt; font-family: 'Arial',sans-serif;\">Mag\u00edster en Derecho, Menci\u00f3n en Derecho Econ\u00f3mico. Universidad de Chile<\/span><\/p>\n<p>Mag\u00edster en Pol\u00edticas P\u00fablicas (c), Facultad de Econom\u00eda de la Universidad de Chile<\/p>\n<p>&nbsp;<\/p>\n<h3>Investigation lines or research areas<\/h3>\n<p>Libre Competencia, Derecho Tributario y An\u00e1lisis Econ\u00f3mico del Derecho<\/p>\n<p>&nbsp;<\/p>\n<h3>Publications<\/h3>\n<p>\u201cAn\u00e1lisis Econ\u00f3mico del Derecho. Una revisi\u00f3n a su desarrollo reciente\u201d, Rubic\u00f3n Editores, diciembre de 2017, ISBN: 978-956-9947-04-9 (Colaborador).<\/p>\n<p>&nbsp;<\/p>\n<h3>Teaching<\/h3>\n<p>Derecho Econ\u00f3mico. Universidad Diego Portales (Facultad de Derecho)<\/p>\n<p>Econom\u00eda. Universidad Diego Portales (Facultad de Derecho)<\/p>","protected":false},"excerpt":{"rendered":"<p>Higher Education Licenciado en Ciencias Jur\u00eddicas y Sociales. Universidad de Chile Diplomado de Pol\u00edtica y Derecho de la Competencia, Facultad de Derecho, Universidad de Chile Mag\u00edster en Derecho, Menci\u00f3n en Derecho Econ\u00f3mico. Universidad de Chile Mag\u00edster en Pol\u00edticas P\u00fablicas (c), Facultad de Econom\u00eda de la Universidad de Chile &nbsp; Investigation lines or research areas Libre [&hellip;]<\/p>\n","protected":false},"author":5,"featured_media":467,"parent":117,"menu_order":14,"comment_status":"closed","ping_status":"closed","template":"","meta":{"_acf_changed":false,"footnotes":""},"class_list":["post-347","page","type-page","status-publish","has-post-thumbnail","hentry"],"acf":[],"_links":{"self":[{"href":"https:\/\/derechodelosnegocios.udp.cl\/en\/wp-json\/wp\/v2\/pages\/347"}],"collection":[{"href":"https:\/\/derechodelosnegocios.udp.cl\/en\/wp-json\/wp\/v2\/pages"}],"about":[{"href":"https:\/\/derechodelosnegocios.udp.cl\/en\/wp-json\/wp\/v2\/types\/page"}],"author":[{"embeddable":true,"href":"https:\/\/derechodelosnegocios.udp.cl\/en\/wp-json\/wp\/v2\/users\/5"}],"replies":[{"embeddable":true,"href":"https:\/\/derechodelosnegocios.udp.cl\/en\/wp-json\/wp\/v2\/comments?post=347"}],"version-history":[{"count":7,"href":"https:\/\/derechodelosnegocios.udp.cl\/en\/wp-json\/wp\/v2\/pages\/347\/revisions"}],"predecessor-version":[{"id":1189,"href":"https:\/\/derechodelosnegocios.udp.cl\/en\/wp-json\/wp\/v2\/pages\/347\/revisions\/1189"}],"up":[{"embeddable":true,"href":"https:\/\/derechodelosnegocios.udp.cl\/en\/wp-json\/wp\/v2\/pages\/117"}],"wp:featuredmedia":[{"embeddable":true,"href":"https:\/\/derechodelosnegocios.udp.cl\/en\/wp-json\/wp\/v2\/media\/467"}],"wp:attachment":[{"href":"https:\/\/derechodelosnegocios.udp.cl\/en\/wp-json\/wp\/v2\/media?parent=347"}],"curies":[{"name":"wp","href":"https:\/\/api.w.org\/{rel}","templated":true}]}}