{"id":385,"date":"2020-08-05T01:04:36","date_gmt":"2020-08-05T01:04:36","guid":{"rendered":"https:\/\/derechodelosnegocios.udp.cl\/cms\/?page_id=385"},"modified":"2021-03-21T19:13:49","modified_gmt":"2021-03-21T19:13:49","slug":"barbara-vidaurre-miller","status":"publish","type":"page","link":"https:\/\/derechodelosnegocios.udp.cl\/en\/nosotros\/equipo\/barbara-vidaurre-miller\/","title":{"rendered":"B\u00e1rbara Vidaurre Miller"},"content":{"rendered":"<p><\/p>\n<h3>Higher Education<\/h3>\n<p>Licenciada en Ciencias Jur\u00eddicas y Sociales. Pontificia Universidad Cat\u00f3lica de Chile<\/p>\n<p>LL.M. (Master of Laws) en Econom\u00eda y Finanzas. Universidad Gabriela Mistral<\/p>\n<p>&nbsp;<\/p>\n<h3>Investigation lines or research areas<\/h3>\n<p>Derecho Comercial, Derecho de la empresa, Derecho Tributario, Libre Competencia y Protecci\u00f3n del Consumidor<\/p>\n<p>&nbsp;<\/p>\n<h3>Publications<\/h3>\n<p>Libro, &#8220;Compendio de Normativa Ambiental y Minera, Anotado y Concordado\u201d, Editorial Jur\u00eddica de Santiago; actuando como Coordinadora, 2018<\/p>\n<p>&nbsp;<\/p>\n<p>Libro \u201cDiez A\u00f1os de Impacto Jurisprudencial\u201d; Editorial Jur\u00eddica de Santiago; actuando como Coordinadora., 2017<\/p>\n<p>&nbsp;<\/p>\n<p>\u201cNuevo Sistema Tributario: Desincentivos al ahorro y la inversi\u00f3n de las empresas\u201d (junto al economista Francisco Klapp); Serie Informes, Actualidad Legislativa, No. 249 LyD, Junio 2015<\/p>\n<p>&nbsp;<\/p>\n<p>\u201cReforma Tributaria:\u00a0 Las ventanas de la Reforma Tributaria, Serie Informes, Actualidad Legislativa No. 40 LyD, Enero 2015<\/p>\n<p>&nbsp;<\/p>\n<p>\u201cReforma Tributaria: \u00bfC\u00f3mo qued\u00f3 la Tributaci\u00f3n de los Bienes Ra\u00edces?\u201d; Serie Informes, Actualidad Legislativa, No. 39\u00a0LyD, Diciembre 2014<\/p>\n<p>&nbsp;<\/p>\n<p>\u201cReforma Tributaria: \u00bfC\u00f3mo quedar\u00e1 la tributaci\u00f3n de las empresas y de las PYME?\u201d; Serie Informes, Actualidad Legislativa No.\u00a038,\u00a0LyD, Noviembre 2014.<\/p>\n<p>&nbsp;<\/p>\n<h3>Teaching<\/h3>\n<p>Derecho Comercial. Universidad Diego Portales (Facultad de Derecho)<\/p>\n<p>Derecho Tributario. Universidad Diego Portales (Facultad de Derecho)<\/p>\n<p>Derecho de la Empresa. Universidad de los Andes<\/p>","protected":false},"excerpt":{"rendered":"<p>Higher Education Licenciada en Ciencias Jur\u00eddicas y Sociales. Pontificia Universidad Cat\u00f3lica de Chile LL.M. (Master of Laws) en Econom\u00eda y Finanzas. Universidad Gabriela Mistral &nbsp; Investigation lines or research areas Derecho Comercial, Derecho de la empresa, Derecho Tributario, Libre Competencia y Protecci\u00f3n del Consumidor &nbsp; Publications Libro, &#8220;Compendio de Normativa Ambiental y Minera, Anotado y [&hellip;]<\/p>\n","protected":false},"author":5,"featured_media":458,"parent":117,"menu_order":23,"comment_status":"closed","ping_status":"closed","template":"","meta":{"_acf_changed":false,"footnotes":""},"class_list":["post-385","page","type-page","status-publish","has-post-thumbnail","hentry"],"acf":[],"_links":{"self":[{"href":"https:\/\/derechodelosnegocios.udp.cl\/en\/wp-json\/wp\/v2\/pages\/385"}],"collection":[{"href":"https:\/\/derechodelosnegocios.udp.cl\/en\/wp-json\/wp\/v2\/pages"}],"about":[{"href":"https:\/\/derechodelosnegocios.udp.cl\/en\/wp-json\/wp\/v2\/types\/page"}],"author":[{"embeddable":true,"href":"https:\/\/derechodelosnegocios.udp.cl\/en\/wp-json\/wp\/v2\/users\/5"}],"replies":[{"embeddable":true,"href":"https:\/\/derechodelosnegocios.udp.cl\/en\/wp-json\/wp\/v2\/comments?post=385"}],"version-history":[{"count":7,"href":"https:\/\/derechodelosnegocios.udp.cl\/en\/wp-json\/wp\/v2\/pages\/385\/revisions"}],"predecessor-version":[{"id":1021,"href":"https:\/\/derechodelosnegocios.udp.cl\/en\/wp-json\/wp\/v2\/pages\/385\/revisions\/1021"}],"up":[{"embeddable":true,"href":"https:\/\/derechodelosnegocios.udp.cl\/en\/wp-json\/wp\/v2\/pages\/117"}],"wp:featuredmedia":[{"embeddable":true,"href":"https:\/\/derechodelosnegocios.udp.cl\/en\/wp-json\/wp\/v2\/media\/458"}],"wp:attachment":[{"href":"https:\/\/derechodelosnegocios.udp.cl\/en\/wp-json\/wp\/v2\/media?parent=385"}],"curies":[{"name":"wp","href":"https:\/\/api.w.org\/{rel}","templated":true}]}}