{"id":398,"date":"2020-08-05T01:16:21","date_gmt":"2020-08-05T01:16:21","guid":{"rendered":"https:\/\/derechodelosnegocios.udp.cl\/cms\/?page_id=398"},"modified":"2021-03-21T19:09:46","modified_gmt":"2021-03-21T19:09:46","slug":"alex-olivares","status":"publish","type":"page","link":"https:\/\/derechodelosnegocios.udp.cl\/en\/nosotros\/equipo\/alex-olivares\/","title":{"rendered":"Alex Olivares"},"content":{"rendered":"<p><\/p>\n<h3>Higher Education<\/h3>\n<p>Licenciado en Ciencias Jur\u00eddicas y Sociales. Universidad Diego Portales<\/p>\n<p>Mag\u00edster en Derecho. Universidad Diego Portales<\/p>\n<p>Master of Public Policy. University of Oxford<\/p>\n<p>&nbsp;<\/p>\n<h3>Investigation lines or research areas<\/h3>\n<p>Econom\u00eda. Encargado de pol\u00edticas p\u00fablicas y Relaciones Internacionales en la Unidad Coordinadora de Asuntos Ind\u00edgenas, del Ministerio de Desarrollo Social y Familia.<\/p>\n<p>&nbsp;<\/p>\n<h3>Teaching<\/h3>\n<p>Econom\u00eda. Universidad Diego Portales (Facultad de Derecho)<\/p>","protected":false},"excerpt":{"rendered":"<p>Higher Education Licenciado en Ciencias Jur\u00eddicas y Sociales. Universidad Diego Portales Mag\u00edster en Derecho. Universidad Diego Portales Master of Public Policy. University of Oxford &nbsp; Investigation lines or research areas Econom\u00eda. Encargado de pol\u00edticas p\u00fablicas y Relaciones Internacionales en la Unidad Coordinadora de Asuntos Ind\u00edgenas, del Ministerio de Desarrollo Social y Familia. &nbsp; Teaching Econom\u00eda. [&hellip;]<\/p>\n","protected":false},"author":5,"featured_media":454,"parent":117,"menu_order":15,"comment_status":"closed","ping_status":"closed","template":"","meta":{"_acf_changed":false,"footnotes":""},"class_list":["post-398","page","type-page","status-publish","has-post-thumbnail","hentry"],"acf":[],"_links":{"self":[{"href":"https:\/\/derechodelosnegocios.udp.cl\/en\/wp-json\/wp\/v2\/pages\/398"}],"collection":[{"href":"https:\/\/derechodelosnegocios.udp.cl\/en\/wp-json\/wp\/v2\/pages"}],"about":[{"href":"https:\/\/derechodelosnegocios.udp.cl\/en\/wp-json\/wp\/v2\/types\/page"}],"author":[{"embeddable":true,"href":"https:\/\/derechodelosnegocios.udp.cl\/en\/wp-json\/wp\/v2\/users\/5"}],"replies":[{"embeddable":true,"href":"https:\/\/derechodelosnegocios.udp.cl\/en\/wp-json\/wp\/v2\/comments?post=398"}],"version-history":[{"count":7,"href":"https:\/\/derechodelosnegocios.udp.cl\/en\/wp-json\/wp\/v2\/pages\/398\/revisions"}],"predecessor-version":[{"id":1013,"href":"https:\/\/derechodelosnegocios.udp.cl\/en\/wp-json\/wp\/v2\/pages\/398\/revisions\/1013"}],"up":[{"embeddable":true,"href":"https:\/\/derechodelosnegocios.udp.cl\/en\/wp-json\/wp\/v2\/pages\/117"}],"wp:featuredmedia":[{"embeddable":true,"href":"https:\/\/derechodelosnegocios.udp.cl\/en\/wp-json\/wp\/v2\/media\/454"}],"wp:attachment":[{"href":"https:\/\/derechodelosnegocios.udp.cl\/en\/wp-json\/wp\/v2\/media?parent=398"}],"curies":[{"name":"wp","href":"https:\/\/api.w.org\/{rel}","templated":true}]}}