{"id":787,"date":"2020-09-08T01:16:29","date_gmt":"2020-09-08T01:16:29","guid":{"rendered":"https:\/\/derechodelosnegocios.udp.cl\/cms\/?page_id=787"},"modified":"2021-03-28T00:29:36","modified_gmt":"2021-03-28T00:29:36","slug":"javiera-aravena-araneda","status":"publish","type":"page","link":"https:\/\/derechodelosnegocios.udp.cl\/en\/nosotros\/equipo\/javiera-aravena-araneda\/","title":{"rendered":"Javiera Aravena Araneda"},"content":{"rendered":"<p><strong>Estudios: <\/strong>Abogada, Licenciada en Ciencias Jur\u00eddicas y Sociales Universidad Diego Portales, Mag\u00edster en Derecho P\u00fablico y Litigaci\u00f3n Constitucional Universidad Diego Portales, Diplomada en Derecho Laboral Colectivo, Universidad Diego Portales Diplomada en Derecho Laboral, Reforma Procesal y Litigaci\u00f3n, Universidad Diego Portales Curso Sobre Reforma Laboral, Universidad Diego Portales<\/p>\n<p><strong>Publicaciones:\u00a0<\/strong><\/p>\n<p>\u201cLa v\u00eda judicial. Devolviendo derechos a los falsos honorarios del Estado\u201d,<br \/>\nRevista Laboral Chilena, N\u00ba 243, 2016.<\/p>\n<p>Coautora junto a Jos\u00e9 Luis Ugarte, art\u00edculo sobre negociaci\u00f3n colectiva y huelga en<br \/>\nla reforma laboral chilena, Revista de derecho laboral, Venezuela, 2017.<\/p>\n<p>Colaboradora libro \u201cHuelga y Derecho\u201d, autor Jos\u00e9 Luis Ugarte, Legal Publishing,<br \/>\nSantiago, 2016.<\/p>\n<p>Recopiladora de jurisprudencia libro sobre derechos fundamentales de las y los<br \/>\ntrabajadores, autor Jos\u00e9 Luis Ugarte, in\u00e9dito.<\/p>","protected":false},"excerpt":{"rendered":"<p>Estudios: Abogada, Licenciada en Ciencias Jur\u00eddicas y Sociales Universidad Diego Portales, Mag\u00edster en Derecho P\u00fablico y Litigaci\u00f3n Constitucional Universidad Diego Portales, Diplomada en Derecho Laboral Colectivo, Universidad Diego Portales Diplomada en Derecho Laboral, Reforma Procesal y Litigaci\u00f3n, Universidad Diego Portales Curso Sobre Reforma Laboral, Universidad Diego Portales Publicaciones:\u00a0 \u201cLa v\u00eda judicial. Devolviendo derechos a los [&hellip;]<\/p>\n","protected":false},"author":4,"featured_media":791,"parent":117,"menu_order":1,"comment_status":"closed","ping_status":"closed","template":"","meta":{"_acf_changed":false,"footnotes":""},"class_list":["post-787","page","type-page","status-publish","has-post-thumbnail","hentry"],"acf":[],"_links":{"self":[{"href":"https:\/\/derechodelosnegocios.udp.cl\/en\/wp-json\/wp\/v2\/pages\/787"}],"collection":[{"href":"https:\/\/derechodelosnegocios.udp.cl\/en\/wp-json\/wp\/v2\/pages"}],"about":[{"href":"https:\/\/derechodelosnegocios.udp.cl\/en\/wp-json\/wp\/v2\/types\/page"}],"author":[{"embeddable":true,"href":"https:\/\/derechodelosnegocios.udp.cl\/en\/wp-json\/wp\/v2\/users\/4"}],"replies":[{"embeddable":true,"href":"https:\/\/derechodelosnegocios.udp.cl\/en\/wp-json\/wp\/v2\/comments?post=787"}],"version-history":[{"count":8,"href":"https:\/\/derechodelosnegocios.udp.cl\/en\/wp-json\/wp\/v2\/pages\/787\/revisions"}],"predecessor-version":[{"id":1115,"href":"https:\/\/derechodelosnegocios.udp.cl\/en\/wp-json\/wp\/v2\/pages\/787\/revisions\/1115"}],"up":[{"embeddable":true,"href":"https:\/\/derechodelosnegocios.udp.cl\/en\/wp-json\/wp\/v2\/pages\/117"}],"wp:featuredmedia":[{"embeddable":true,"href":"https:\/\/derechodelosnegocios.udp.cl\/en\/wp-json\/wp\/v2\/media\/791"}],"wp:attachment":[{"href":"https:\/\/derechodelosnegocios.udp.cl\/en\/wp-json\/wp\/v2\/media?parent=787"}],"curies":[{"name":"wp","href":"https:\/\/api.w.org\/{rel}","templated":true}]}}