{"id":848,"date":"2021-03-14T22:48:35","date_gmt":"2021-03-14T22:48:35","guid":{"rendered":"https:\/\/derechodelosnegocios.udp.cl\/cms\/?page_id=848"},"modified":"2021-03-21T19:21:47","modified_gmt":"2021-03-21T19:21:47","slug":"saschas-giorgia-jury-molina","status":"publish","type":"page","link":"https:\/\/derechodelosnegocios.udp.cl\/en\/nosotros\/equipo\/saschas-giorgia-jury-molina\/","title":{"rendered":"Sascha&#8217;s Giorgia Jury Molina"},"content":{"rendered":"<p><\/p>\n<h3>Higher Education<\/h3>\n<p>Licenciada en Ciencias Jur\u00eddicas y Sociales. Universidad Nacional Andr\u00e9s Bello<\/p>\n<p>Diplomada en Derecho Minero, Universidad Adolfo Ib\u00e1\u00f1ez<\/p>\n<p>Diplomada en Derecho Inmobiliario de la Empresa, Universidad de Los Andes<\/p>\n<p>Magister en Derecho de la Empresa, Pontificia Universidad Cat\u00f3lica de Chile<\/p>\n<p>Doctoranda en Derecho, Pontificia Universidad Cat\u00f3lica de Chile<\/p>\n<p>&nbsp;<\/p>\n<h3>Investigation lines or research areas<\/h3>\n<p>Derecho Comercial, Empresa y Derechos Humanos, Responsabilidad Social y Desarrollo Sostenible<\/p>\n<p>&nbsp;<\/p>\n<h3>Publications<\/h3>\n<p>\u201cLa toma de conciencia como nueva obligaci\u00f3n Jur\u00eddica y fundamento principal de la eficacia de los derechos humanos del Adulto Mayor en del derecho nacional\u201d. Coautora. Revista de Magister en Derecho LLM UC. Enviado para su publicaci\u00f3n junio de 2018.<\/p>\n<p>&nbsp;<\/p>\n<p>\u201cEl gobierno corporativo como fundamento del desarrollo sustentable: Responsabilidad social empresarial hacia un impacto social total\u201d. Autora. Revista de Derecho de la Universidad Cat\u00f3lica del Norte. Enviado para su publicaci\u00f3n julio de 2018.<\/p>\n<p>&nbsp;<\/p>\n<p>Manual Legal para Adultos Mayores. Fundaci\u00f3n Probono y Caja Los Andes. Coautora. Publicado a\u00f1o 2017:\u00a0<a href=\"https:\/\/www.cajalosandes.cl\/cs\/groups\/public\/documents\/document\/bc1w\/cm9i%20\/~edisp\/manual-probono.pdf\">https:\/\/www.cajalosandes.cl\/cs\/groups\/public\/documents\/document\/bc1w\/cm9i \/~edisp\/manual-probono.pdf<\/a><\/p>\n<p>&nbsp;<\/p>\n<p>&nbsp;<\/p>\n<h3>Teaching<\/h3>\n<p><span style=\"font-family: 'Arial',sans-serif; color: black; background: #F6F6F6;\">Derecho Comercial. Universidad Diego Portales (Facultad de Derecho)<\/span><\/p>","protected":false},"excerpt":{"rendered":"<p>Higher Education Licenciada en Ciencias Jur\u00eddicas y Sociales. Universidad Nacional Andr\u00e9s Bello Diplomada en Derecho Minero, Universidad Adolfo Ib\u00e1\u00f1ez Diplomada en Derecho Inmobiliario de la Empresa, Universidad de Los Andes Magister en Derecho de la Empresa, Pontificia Universidad Cat\u00f3lica de Chile Doctoranda en Derecho, Pontificia Universidad Cat\u00f3lica de Chile &nbsp; Investigation lines or research areas [&hellip;]<\/p>\n","protected":false},"author":4,"featured_media":841,"parent":117,"menu_order":11,"comment_status":"closed","ping_status":"closed","template":"","meta":{"_acf_changed":false,"footnotes":""},"class_list":["post-848","page","type-page","status-publish","has-post-thumbnail","hentry"],"acf":[],"_links":{"self":[{"href":"https:\/\/derechodelosnegocios.udp.cl\/en\/wp-json\/wp\/v2\/pages\/848"}],"collection":[{"href":"https:\/\/derechodelosnegocios.udp.cl\/en\/wp-json\/wp\/v2\/pages"}],"about":[{"href":"https:\/\/derechodelosnegocios.udp.cl\/en\/wp-json\/wp\/v2\/types\/page"}],"author":[{"embeddable":true,"href":"https:\/\/derechodelosnegocios.udp.cl\/en\/wp-json\/wp\/v2\/users\/4"}],"replies":[{"embeddable":true,"href":"https:\/\/derechodelosnegocios.udp.cl\/en\/wp-json\/wp\/v2\/comments?post=848"}],"version-history":[{"count":16,"href":"https:\/\/derechodelosnegocios.udp.cl\/en\/wp-json\/wp\/v2\/pages\/848\/revisions"}],"predecessor-version":[{"id":1027,"href":"https:\/\/derechodelosnegocios.udp.cl\/en\/wp-json\/wp\/v2\/pages\/848\/revisions\/1027"}],"up":[{"embeddable":true,"href":"https:\/\/derechodelosnegocios.udp.cl\/en\/wp-json\/wp\/v2\/pages\/117"}],"wp:featuredmedia":[{"embeddable":true,"href":"https:\/\/derechodelosnegocios.udp.cl\/en\/wp-json\/wp\/v2\/media\/841"}],"wp:attachment":[{"href":"https:\/\/derechodelosnegocios.udp.cl\/en\/wp-json\/wp\/v2\/media?parent=848"}],"curies":[{"name":"wp","href":"https:\/\/api.w.org\/{rel}","templated":true}]}}