{"id":850,"date":"2021-03-14T22:53:47","date_gmt":"2021-03-14T22:53:47","guid":{"rendered":"https:\/\/derechodelosnegocios.udp.cl\/cms\/?page_id=850"},"modified":"2021-03-21T19:22:19","modified_gmt":"2021-03-21T19:22:19","slug":"rodrigo-ortiz-krause","status":"publish","type":"page","link":"https:\/\/derechodelosnegocios.udp.cl\/en\/nosotros\/equipo\/rodrigo-ortiz-krause\/","title":{"rendered":"Rodrigo Ortiz Krause"},"content":{"rendered":"<p><\/p>\n<h3>Higher Education<\/h3>\n<p>Licenciado en Ciencias Jur\u00eddicas y Sociales. Pontificia Universidad Cat\u00f3lica de Chile<\/p>\n<p>Diplomado Internacional Estado de Derecho y Acceso a la Justicia. Universidad de Chile, Universit\u00e4t Heidelberg y California Western School of Law<\/p>\n<p>Llegum Mag\u00edster (LL.M). Universit\u00e4t Heidelberg, Rep\u00fablica Federal de Alemania<\/p>\n<p>Curso de Especializaci\u00f3n en Litigaci\u00f3n Penal Curso de Especializaci\u00f3n en Litigaci\u00f3n Penal. Pontificia Universidad Cat\u00f3lica de Chile<\/p>\n<p>Curso de Actualizaci\u00f3n: Nueva Ley de Insolvencia y Reemprendimiento. Universidad de Chile<\/p>\n<p>&nbsp;<\/p>\n<h3>Investigation lines or research areas<\/h3>\n<p>Insolvencia y reemprendimiento, litigaci\u00f3n, arbitraje, delitos econ\u00f3micos<\/p>\n<p>&nbsp;<\/p>\n<h3>Teaching<\/h3>\n<p>Insolvencia y quiebra. Universidad Diego Portales (Facultad de Derecho)<\/p>","protected":false},"excerpt":{"rendered":"<p>Higher Education Licenciado en Ciencias Jur\u00eddicas y Sociales. Pontificia Universidad Cat\u00f3lica de Chile Diplomado Internacional Estado de Derecho y Acceso a la Justicia. Universidad de Chile, Universit\u00e4t Heidelberg y California Western School of Law Llegum Mag\u00edster (LL.M). Universit\u00e4t Heidelberg, Rep\u00fablica Federal de Alemania Curso de Especializaci\u00f3n en Litigaci\u00f3n Penal Curso de Especializaci\u00f3n en Litigaci\u00f3n Penal. [&hellip;]<\/p>\n","protected":false},"author":4,"featured_media":852,"parent":117,"menu_order":18,"comment_status":"closed","ping_status":"closed","template":"","meta":{"_acf_changed":false,"footnotes":""},"class_list":["post-850","page","type-page","status-publish","has-post-thumbnail","hentry"],"acf":[],"_links":{"self":[{"href":"https:\/\/derechodelosnegocios.udp.cl\/en\/wp-json\/wp\/v2\/pages\/850"}],"collection":[{"href":"https:\/\/derechodelosnegocios.udp.cl\/en\/wp-json\/wp\/v2\/pages"}],"about":[{"href":"https:\/\/derechodelosnegocios.udp.cl\/en\/wp-json\/wp\/v2\/types\/page"}],"author":[{"embeddable":true,"href":"https:\/\/derechodelosnegocios.udp.cl\/en\/wp-json\/wp\/v2\/users\/4"}],"replies":[{"embeddable":true,"href":"https:\/\/derechodelosnegocios.udp.cl\/en\/wp-json\/wp\/v2\/comments?post=850"}],"version-history":[{"count":11,"href":"https:\/\/derechodelosnegocios.udp.cl\/en\/wp-json\/wp\/v2\/pages\/850\/revisions"}],"predecessor-version":[{"id":1028,"href":"https:\/\/derechodelosnegocios.udp.cl\/en\/wp-json\/wp\/v2\/pages\/850\/revisions\/1028"}],"up":[{"embeddable":true,"href":"https:\/\/derechodelosnegocios.udp.cl\/en\/wp-json\/wp\/v2\/pages\/117"}],"wp:featuredmedia":[{"embeddable":true,"href":"https:\/\/derechodelosnegocios.udp.cl\/en\/wp-json\/wp\/v2\/media\/852"}],"wp:attachment":[{"href":"https:\/\/derechodelosnegocios.udp.cl\/en\/wp-json\/wp\/v2\/media?parent=850"}],"curies":[{"name":"wp","href":"https:\/\/api.w.org\/{rel}","templated":true}]}}