{"id":341,"date":"2020-08-04T03:15:33","date_gmt":"2020-08-04T03:15:33","guid":{"rendered":"https:\/\/derechodelosnegocios.udp.cl\/cms\/?page_id=341"},"modified":"2021-05-06T20:19:37","modified_gmt":"2021-05-07T00:19:37","slug":"pablo-de-la-cerda-merino","status":"publish","type":"page","link":"https:\/\/derechodelosnegocios.udp.cl\/pb\/nosotros\/equipo\/pablo-de-la-cerda-merino\/","title":{"rendered":"Pablo de la Cerda Merino"},"content":{"rendered":"<p><\/p>\n<h3><strong>Educa\u00e7\u00e3o Superior<\/strong><\/h3>\n<p>Licenciado en Ciencias Jur\u00eddicas y Sociales. Universidad de Chile<\/p>\n<p>Diplomado en Derecho Mercantil Moderno por la Facultad de Derecho Universidad de Chile<\/p>\n<p>Diplomado en Gobierno Corporativo por la Universidad Cat\u00f3lica<\/p>\n<p>Magister en Derecho de las Finanzas por la UDD<\/p>\n<p>&nbsp;<\/p>\n<h3><strong>Linhas de pesquisa ou \u00e1reas de interesse<\/strong><\/h3>\n<p>Derecho Financiero, Mercado de Valores, Corporativo, Inmobiliario y Arbitraje. Experiencia relevante en servicios legales bancarios e instituciones financieras del pa\u00eds. Asesor y director de empresas.<\/p>\n<p>&nbsp;<\/p>\n<h3><strong>Ensino<\/strong><\/h3>\n<p>Derecho Comercial. Universidad Diego Portales (Facultad de Derecho)<\/p>\n<p>Derecho Comercial. Universidad Cat\u00f3lica de Chile (Facultad de Derecho)<\/p>","protected":false},"excerpt":{"rendered":"<p>Educa\u00e7\u00e3o Superior Licenciado en Ciencias Jur\u00eddicas y Sociales. Universidad de Chile Diplomado en Derecho Mercantil Moderno por la Facultad de Derecho Universidad de Chile Diplomado en Gobierno Corporativo por la Universidad Cat\u00f3lica Magister en Derecho de las Finanzas por la UDD &nbsp; Linhas de pesquisa ou \u00e1reas de interesse Derecho Financiero, Mercado de Valores, Corporativo, [&hellip;]<\/p>\n","protected":false},"author":5,"featured_media":509,"parent":117,"menu_order":2,"comment_status":"closed","ping_status":"closed","template":"","meta":{"_acf_changed":false,"footnotes":""},"class_list":["post-341","page","type-page","status-publish","has-post-thumbnail","hentry"],"acf":[],"_links":{"self":[{"href":"https:\/\/derechodelosnegocios.udp.cl\/pb\/wp-json\/wp\/v2\/pages\/341"}],"collection":[{"href":"https:\/\/derechodelosnegocios.udp.cl\/pb\/wp-json\/wp\/v2\/pages"}],"about":[{"href":"https:\/\/derechodelosnegocios.udp.cl\/pb\/wp-json\/wp\/v2\/types\/page"}],"author":[{"embeddable":true,"href":"https:\/\/derechodelosnegocios.udp.cl\/pb\/wp-json\/wp\/v2\/users\/5"}],"replies":[{"embeddable":true,"href":"https:\/\/derechodelosnegocios.udp.cl\/pb\/wp-json\/wp\/v2\/comments?post=341"}],"version-history":[{"count":11,"href":"https:\/\/derechodelosnegocios.udp.cl\/pb\/wp-json\/wp\/v2\/pages\/341\/revisions"}],"predecessor-version":[{"id":1565,"href":"https:\/\/derechodelosnegocios.udp.cl\/pb\/wp-json\/wp\/v2\/pages\/341\/revisions\/1565"}],"up":[{"embeddable":true,"href":"https:\/\/derechodelosnegocios.udp.cl\/pb\/wp-json\/wp\/v2\/pages\/117"}],"wp:featuredmedia":[{"embeddable":true,"href":"https:\/\/derechodelosnegocios.udp.cl\/pb\/wp-json\/wp\/v2\/media\/509"}],"wp:attachment":[{"href":"https:\/\/derechodelosnegocios.udp.cl\/pb\/wp-json\/wp\/v2\/media?parent=341"}],"curies":[{"name":"wp","href":"https:\/\/api.w.org\/{rel}","templated":true}]}}