{"id":349,"date":"2020-08-04T03:23:19","date_gmt":"2020-08-04T03:23:19","guid":{"rendered":"https:\/\/derechodelosnegocios.udp.cl\/cms\/?page_id=349"},"modified":"2021-03-21T19:04:22","modified_gmt":"2021-03-21T19:04:22","slug":"andres-del-valle-valenzuela","status":"publish","type":"page","link":"https:\/\/derechodelosnegocios.udp.cl\/pb\/nosotros\/equipo\/andres-del-valle-valenzuela\/","title":{"rendered":"Andr\u00e9s del Valle Valenzuela"},"content":{"rendered":"<p><\/p>\n<h3><strong>Educa\u00e7\u00e3o Superior<\/strong><\/h3>\n<p>Licenciado en Ciencias Jur\u00eddicas y Sociales. Universidad de los Andes<\/p>\n<p>Diplomado de Nuevas Tendencias en Contratos y Da\u00f1os. Pontificia Universidad Cat\u00f3lica de Chile<\/p>\n<p>M\u00e1ster en Derecho de la Empresa Diplomado en Sociedades y Financiamiento. Universidad de Los Andes<\/p>\n<p>&nbsp;<\/p>\n<h3><strong>Linhas de pesquisa ou \u00e1reas de interesse<\/strong><\/h3>\n<p>Derecho Corporativo, Sociedades, Financiamiento y Mercado de Valores<\/p>\n<p>&nbsp;<\/p>\n<h3><strong>Ensino<\/strong><\/h3>\n<p>Derecho Comercial. Universidad Diego Portales (Facultad de Derecho)<\/p>","protected":false},"excerpt":{"rendered":"<p>Educa\u00e7\u00e3o Superior Licenciado en Ciencias Jur\u00eddicas y Sociales. Universidad de los Andes Diplomado de Nuevas Tendencias en Contratos y Da\u00f1os. Pontificia Universidad Cat\u00f3lica de Chile M\u00e1ster en Derecho de la Empresa Diplomado en Sociedades y Financiamiento. Universidad de Los Andes &nbsp; Linhas de pesquisa ou \u00e1reas de interesse Derecho Corporativo, Sociedades, Financiamiento y Mercado de [&hellip;]<\/p>\n","protected":false},"author":5,"featured_media":456,"parent":117,"menu_order":5,"comment_status":"closed","ping_status":"closed","template":"","meta":{"_acf_changed":false,"footnotes":""},"class_list":["post-349","page","type-page","status-publish","has-post-thumbnail","hentry"],"acf":[],"_links":{"self":[{"href":"https:\/\/derechodelosnegocios.udp.cl\/pb\/wp-json\/wp\/v2\/pages\/349"}],"collection":[{"href":"https:\/\/derechodelosnegocios.udp.cl\/pb\/wp-json\/wp\/v2\/pages"}],"about":[{"href":"https:\/\/derechodelosnegocios.udp.cl\/pb\/wp-json\/wp\/v2\/types\/page"}],"author":[{"embeddable":true,"href":"https:\/\/derechodelosnegocios.udp.cl\/pb\/wp-json\/wp\/v2\/users\/5"}],"replies":[{"embeddable":true,"href":"https:\/\/derechodelosnegocios.udp.cl\/pb\/wp-json\/wp\/v2\/comments?post=349"}],"version-history":[{"count":8,"href":"https:\/\/derechodelosnegocios.udp.cl\/pb\/wp-json\/wp\/v2\/pages\/349\/revisions"}],"predecessor-version":[{"id":1004,"href":"https:\/\/derechodelosnegocios.udp.cl\/pb\/wp-json\/wp\/v2\/pages\/349\/revisions\/1004"}],"up":[{"embeddable":true,"href":"https:\/\/derechodelosnegocios.udp.cl\/pb\/wp-json\/wp\/v2\/pages\/117"}],"wp:featuredmedia":[{"embeddable":true,"href":"https:\/\/derechodelosnegocios.udp.cl\/pb\/wp-json\/wp\/v2\/media\/456"}],"wp:attachment":[{"href":"https:\/\/derechodelosnegocios.udp.cl\/pb\/wp-json\/wp\/v2\/media?parent=349"}],"curies":[{"name":"wp","href":"https:\/\/api.w.org\/{rel}","templated":true}]}}