{"id":358,"date":"2020-08-05T00:24:51","date_gmt":"2020-08-05T00:24:51","guid":{"rendered":"https:\/\/derechodelosnegocios.udp.cl\/cms\/?page_id=358"},"modified":"2023-03-13T15:53:20","modified_gmt":"2023-03-13T19:53:20","slug":"fernando-araya-jasma","status":"publish","type":"page","link":"https:\/\/derechodelosnegocios.udp.cl\/pb\/nosotros\/equipo\/fernando-araya-jasma\/","title":{"rendered":"Fernando Araya Jasma"},"content":{"rendered":"<p><\/p>\n<h3><strong>Educa\u00e7\u00e3o Superior<\/strong><\/h3>\n<p>Licenciado en Ciencias Jur\u00eddicas y Sociales. Universidad de Concepci\u00f3n<\/p>\n<p>Doctor en Derecho (Universidad de Chile)<\/p>\n<p>&nbsp;<\/p>\n<h3><strong>Linhas de pesquisa ou \u00e1reas de interesse<\/strong><\/h3>\n<p>Sociedades, Instituciones de Derecho Comercial, Contratos Comerciales, Derecho de la Libre Competencia, Organizaci\u00f3n Jur\u00eddica de la Empresa y Regulaci\u00f3n Econ\u00f3mica<\/p>\n<p>&nbsp;<\/p>\n<h3><strong>Publica\u00e7\u00f5es<\/strong><\/h3>\n<p>Panorama en Chile de la pol\u00edtica de competencia en mercados de la salud, medicamentos e insumos. (Contribuci\u00f3n en libro) En \u201cRetos del COVID-19 para el derecho y la pol\u00edtica de la competencia en Am\u00e9rica Latina\u201d. Ed. Guti\u00e9rrez, Juan D. Cap\u00edtulo Am\u00e9rica Latina de ASCOLA, Bogot\u00e1, 2020.<\/p>\n<p>&nbsp;<\/p>\n<p>Las Franquicias de formato de negocio y algunas preguntas sobre su regulaci\u00f3n. (Contribuci\u00f3n en libro) En \u201cEstudios de Derecho Privado en Homenaje al Profesor Daniel Pe\u00f1ailillo Ar\u00e9valo\u201d. Ed. Barr\u00eda, Manuel et al. Thomson Reuters, 2019.<\/p>\n<p>&nbsp;<\/p>\n<p>Coerci\u00f3n Econ\u00f3mica y Cautividad. Desde el derecho de la libre competencia al derecho de contratos. (Contribuci\u00f3n en libro) En \u201cEstudios de Derecho Privado en Homenaje al Profesor Ram\u00f3n Dom\u00ednguez \u00c1guila\u201d. Ed. Barr\u00eda, Manuel et al. Thomson Reuters, 2015.<\/p>\n<p>&nbsp;<\/p>\n<p>La existencia de colusi\u00f3n expl\u00edcita puede acreditarse por evidencia indirecta en ausencia de prueba directa. Una reflexi\u00f3n sobre colusi\u00f3n t\u00e1cita, \u201cacuerdos t\u00e1citos\u201d y \u201cpr\u00e1cticas concertadas. Corte Suprema, 29 de enero de 2015, Rol N\u00b0 19806-2014, en Revista Chilena de Derecho Privado F.Fueyo, No. 24, Jul. 2015.<\/p>\n<p>&nbsp;<\/p>\n<p>Efecto Paraguas de la colusi\u00f3n y la imputaci\u00f3n objetiva de los da\u00f1os indemnizables. TJUE (Sala Quinta), 5 de junio de 2014, asunto C-557\/12, en Revista Chilena de Derecho Privado F.Fueyo, No. 23, Dic. 2014.<\/p>\n<p>&nbsp;<\/p>\n<p>\u201cSobre los diferentes tipos de boicot colectivo y la colusi\u00f3n en concursos\u201d. Corte Suprema, 23 de diciembre de 2013, Rol N\u00b0 2666-2013, en Revista Chilena de Derecho Privado F.Fueyo, No. 22, Jul. 2014.<\/p>\n<p>&nbsp;<\/p>\n<p>Algunas luces en los desaf\u00edos de la Gobernanza Transnacional en Carteles Internacionales. Corte Suprema, 24 de septiembre de 2013, Rol N\u00b0 5308-2012, en Revista Chilena de Derecho Privado F.Fueyo, No. 21, Dic. 2013.<\/p>\n<p>&nbsp;<\/p>\n<p>El Problema del Oligopolio y los Efectos Coordinados. Corte Suprema, 2 de enero de 2013, Rol N\u00b0 3993-2012, en Revista Chilena de Derecho Privado F.Fueyo, No. 20, Jul. 2013.<\/p>\n<p>&nbsp;<\/p>\n<p>Notas sobre la Colusi\u00f3n entre Oferentes en Licitaciones, con \u00e9nfasis en la experiencia internacional. (Contribuci\u00f3n en libro, en co-autor\u00eda con Felipe Irarr\u00e1zabal) En \u201cLa Libre Competencia en el Bicentenario\u201d, Tribunal de Defensa de la Libre Competencia &amp; Centro de Libre Competencia UC eds., Thomson Reuters, Santiago 2011.<\/p>\n<p>&nbsp;<\/p>\n<p>La Pol\u00edtica de Libre Competencia en la OCDE: Las oportunidades aprovechadas por Chile y los desaf\u00edos como pa\u00eds miembro. (Contribuci\u00f3n en libro, en co-autor\u00eda con Enrique Vergara) En \u201cChile en el club de los ricos: oportunidades y desaf\u00edos del ingreso a la OCDE\u201d, J.E. Cheyre et al (eds.), Centro de Estudios Internacionales Pontificia Universidad Cat\u00f3lica y Universidad de Salamanca, 2010.<\/p>\n<p>&nbsp;<\/p>\n<p>La coerci\u00f3n econ\u00f3mica sobre la voluntad en la Historia de las Ideas. (Rese\u00f1a) de Langholm, Odd, \u201cThe Legacy of Scholasticism in Economic Thought. Antecedents of Choice and Power\u201d; Cambridge University Press, Nueva York, 1998\/2006, 215 pp.; en Revista Chilena de Derecho Privado Fernando Fueyo Laneri, N\u00b0 12, pp. 265-279, Julio, 2009.<\/p>\n<p>&nbsp;<\/p>\n<p>\u201cDa\u00f1o anticompetitivo y da\u00f1o indemnizable: Un ensayo de confrontaci\u00f3n\u201d, en Revista Chilena de Derecho Privado Fernando Fueyo Laneri, N\u00b0 4, pp. 9-32, Julio, 2005.<\/p>\n<p>&nbsp;<\/p>\n<p>La Relaci\u00f3n de Causalidad en la Responsabilidad Civil. LexisNexis, 2003.<\/p>\n<p><strong>\u00a0<\/strong><\/p>\n<h3><strong>Ensino<\/strong><\/h3>\n<p>Derecho Comercial. Universidad Diego Portales (Facultad de Derecho)<\/p>\n<p>Libre Competencia, Regulaci\u00f3n Econ\u00f3mica:<\/p>\n<p>Profesor invitado en el Diplomado Derecho y Pol\u00edtica de la Competencia. Universidad de Chile (Facultad de Derecho)<\/p>\n<p>Profesor invitado en el Diplomado Compras P\u00fablicas estrat\u00e9gicas e innovadoras. Universidad Adolfo Ib\u00e1\u00f1ez (Postgrado)<\/p>\n<p>Profesor invitado en el Mag\u00edster en Derecho Privado. Universidad de Concepci\u00f3n (Facultad de Derecho)<\/p>\n<p>&nbsp;<\/p>","protected":false},"excerpt":{"rendered":"<p>Educa\u00e7\u00e3o Superior Licenciado en Ciencias Jur\u00eddicas y Sociales. Universidad de Concepci\u00f3n Doctor en Derecho (Universidad de Chile) &nbsp; Linhas de pesquisa ou \u00e1reas de interesse Sociedades, Instituciones de Derecho Comercial, Contratos Comerciales, Derecho de la Libre Competencia, Organizaci\u00f3n Jur\u00eddica de la Empresa y Regulaci\u00f3n Econ\u00f3mica &nbsp; Publica\u00e7\u00f5es Panorama en Chile de la pol\u00edtica de competencia [&hellip;]<\/p>\n","protected":false},"author":5,"featured_media":1685,"parent":117,"menu_order":3,"comment_status":"closed","ping_status":"closed","template":"","meta":{"_acf_changed":false,"footnotes":""},"class_list":["post-358","page","type-page","status-publish","has-post-thumbnail","hentry"],"acf":[],"_links":{"self":[{"href":"https:\/\/derechodelosnegocios.udp.cl\/pb\/wp-json\/wp\/v2\/pages\/358"}],"collection":[{"href":"https:\/\/derechodelosnegocios.udp.cl\/pb\/wp-json\/wp\/v2\/pages"}],"about":[{"href":"https:\/\/derechodelosnegocios.udp.cl\/pb\/wp-json\/wp\/v2\/types\/page"}],"author":[{"embeddable":true,"href":"https:\/\/derechodelosnegocios.udp.cl\/pb\/wp-json\/wp\/v2\/users\/5"}],"replies":[{"embeddable":true,"href":"https:\/\/derechodelosnegocios.udp.cl\/pb\/wp-json\/wp\/v2\/comments?post=358"}],"version-history":[{"count":7,"href":"https:\/\/derechodelosnegocios.udp.cl\/pb\/wp-json\/wp\/v2\/pages\/358\/revisions"}],"predecessor-version":[{"id":1549,"href":"https:\/\/derechodelosnegocios.udp.cl\/pb\/wp-json\/wp\/v2\/pages\/358\/revisions\/1549"}],"up":[{"embeddable":true,"href":"https:\/\/derechodelosnegocios.udp.cl\/pb\/wp-json\/wp\/v2\/pages\/117"}],"wp:featuredmedia":[{"embeddable":true,"href":"https:\/\/derechodelosnegocios.udp.cl\/pb\/wp-json\/wp\/v2\/media\/1685"}],"wp:attachment":[{"href":"https:\/\/derechodelosnegocios.udp.cl\/pb\/wp-json\/wp\/v2\/media?parent=358"}],"curies":[{"name":"wp","href":"https:\/\/api.w.org\/{rel}","templated":true}]}}