{"id":362,"date":"2020-08-05T00:27:52","date_gmt":"2020-08-05T00:27:52","guid":{"rendered":"https:\/\/derechodelosnegocios.udp.cl\/cms\/?page_id=362"},"modified":"2021-04-14T14:36:59","modified_gmt":"2021-04-14T14:36:59","slug":"juan-ignacio-donoso-stegen","status":"publish","type":"page","link":"https:\/\/derechodelosnegocios.udp.cl\/pb\/nosotros\/equipo\/juan-ignacio-donoso-stegen\/","title":{"rendered":"Juan Ignacio Donoso Stegen"},"content":{"rendered":"<p><\/p>\n<h3><strong>Educa\u00e7\u00e3o Superior<\/strong><\/h3>\n<p>Licenciado en Ciencias Jur\u00eddicas. Pontificia Universidad Cat\u00f3lica de Valpara\u00edso.<\/p>\n<p>Diplomado en Regulaci\u00f3n y Competencia. Facultad de Econom\u00eda y Negocios de la Universidad de Chile<\/p>\n<p>Mag\u00edster en Derecho con menci\u00f3n en Libre Competencia. King\u2019s College London (Reino Unido)<\/p>\n<p>&nbsp;<\/p>\n<h3><strong>Linhas de pesquisa ou \u00e1reas de interesse<\/strong><\/h3>\n<p>Libre Competencia y Regulaci\u00f3n Econ\u00f3mica<\/p>\n<p>&nbsp;<\/p>\n<h3><strong>Publica\u00e7\u00f5es<\/strong><\/h3>\n<p>\u00abTres criterios para analizar legalidad de acuerdos entre competidores\u00bb. Estado Diario, 22 de enero de 2021.<\/p>\n<p>&nbsp;<\/p>\n<p>\u00abEventual incertidumbre sobre la aplicaci\u00f3n de una regla per se a los carteles duros puede afectar su persecusi\u00f3n\u00bb. Estado Diario, 04 de enero de 2021.<\/p>\n<p>&nbsp;<\/p>\n<p>\u00ab\u00bfEs necesaria la reforma a la Ley de Competencia?\u00bb Opini\u00f3n t\u00e9cnica N\u00b0 7\/ 2020. Programa UC \/ Libre Competencia<\/p>\n<p>&nbsp;<\/p>\n<p>\u00abProcedimiento de control de operaciones de concentraci\u00f3n: mecanismo colaborativo de prenotificaci\u00f3n permitir\u00eda a la FNE incrementar su eficiencia\u00bb. El Mercurio Legal, 25 de septiembre de 2019<\/p>\n<p>&nbsp;<\/p>\n<p>\u00abAn\u00e1lisis a un a\u00f1o de la entrada en vigor del r\u00e9gimen de control obligatorio de operaciones de concentraci\u00f3n en Chile\u00bb. Linkedin. Linkedin, 12 de junio de 2018<\/p>\n<p>&nbsp;<\/p>\n<p>\u00abEl mercado farmac\u00e9utico requiere reducir las asimetr\u00edas de informaci\u00f3n e incentivar el ingreso de nuevos actores\u00bb. El Mercurio Legal, 01 de junio de 2018<\/p>\n<p>&nbsp;<\/p>\n<p>&nbsp;<\/p>\n<h3><strong>Ensino<\/strong><\/h3>\n<p>Derecho Econ\u00f3mico. Universidad Diego Portales (Facultad de Derecho)<\/p>","protected":false},"excerpt":{"rendered":"<p>Educa\u00e7\u00e3o Superior Licenciado en Ciencias Jur\u00eddicas. Pontificia Universidad Cat\u00f3lica de Valpara\u00edso. Diplomado en Regulaci\u00f3n y Competencia. Facultad de Econom\u00eda y Negocios de la Universidad de Chile Mag\u00edster en Derecho con menci\u00f3n en Libre Competencia. King\u2019s College London (Reino Unido) &nbsp; Linhas de pesquisa ou \u00e1reas de interesse Libre Competencia y Regulaci\u00f3n Econ\u00f3mica &nbsp; Publica\u00e7\u00f5es \u00abTres [&hellip;]<\/p>\n","protected":false},"author":5,"featured_media":1173,"parent":117,"menu_order":6,"comment_status":"closed","ping_status":"closed","template":"","meta":{"_acf_changed":false,"footnotes":""},"class_list":["post-362","page","type-page","status-publish","has-post-thumbnail","hentry"],"acf":[],"_links":{"self":[{"href":"https:\/\/derechodelosnegocios.udp.cl\/pb\/wp-json\/wp\/v2\/pages\/362"}],"collection":[{"href":"https:\/\/derechodelosnegocios.udp.cl\/pb\/wp-json\/wp\/v2\/pages"}],"about":[{"href":"https:\/\/derechodelosnegocios.udp.cl\/pb\/wp-json\/wp\/v2\/types\/page"}],"author":[{"embeddable":true,"href":"https:\/\/derechodelosnegocios.udp.cl\/pb\/wp-json\/wp\/v2\/users\/5"}],"replies":[{"embeddable":true,"href":"https:\/\/derechodelosnegocios.udp.cl\/pb\/wp-json\/wp\/v2\/comments?post=362"}],"version-history":[{"count":11,"href":"https:\/\/derechodelosnegocios.udp.cl\/pb\/wp-json\/wp\/v2\/pages\/362\/revisions"}],"predecessor-version":[{"id":1181,"href":"https:\/\/derechodelosnegocios.udp.cl\/pb\/wp-json\/wp\/v2\/pages\/362\/revisions\/1181"}],"up":[{"embeddable":true,"href":"https:\/\/derechodelosnegocios.udp.cl\/pb\/wp-json\/wp\/v2\/pages\/117"}],"wp:featuredmedia":[{"embeddable":true,"href":"https:\/\/derechodelosnegocios.udp.cl\/pb\/wp-json\/wp\/v2\/media\/1173"}],"wp:attachment":[{"href":"https:\/\/derechodelosnegocios.udp.cl\/pb\/wp-json\/wp\/v2\/media?parent=362"}],"curies":[{"name":"wp","href":"https:\/\/api.w.org\/{rel}","templated":true}]}}