{"id":367,"date":"2020-08-05T00:32:28","date_gmt":"2020-08-05T00:32:28","guid":{"rendered":"https:\/\/derechodelosnegocios.udp.cl\/cms\/?page_id=367"},"modified":"2021-05-06T20:21:28","modified_gmt":"2021-05-07T00:21:28","slug":"eduardo-escalona-vasquez","status":"publish","type":"page","link":"https:\/\/derechodelosnegocios.udp.cl\/pb\/nosotros\/equipo\/eduardo-escalona-vasquez\/","title":{"rendered":"Eduardo Escalona V\u00e1squez"},"content":{"rendered":"<p><\/p>\n<h3><strong>Educa\u00e7\u00e3o Superior<\/strong><\/h3>\n<p>Licenciado en Ciencias Jur\u00eddicas y Sociales. Universidad Cat\u00f3lica de Chile<\/p>\n<p>Egresado del Mag\u00edster de Derecho Econ\u00f3mico. \u00a0Universidad de Chile<\/p>\n<p>Diplomado en \u201cComercio, Inversiones y Contrataci\u00f3n Internacional: Nueva Regulaci\u00f3n de los Negocios en el Mundo Globalizado\u201d, Pontificia Universidad Cat\u00f3lica de Chile y World Trade Institute<\/p>\n<p>Diplomado en \u201cDerecho Penal Econ\u00f3mico\u201d. Universidad Alberto Hurtado<\/p>\n<p>Diplomado \u201cReforma Procesal Penal, Juicio Oral y Litigaci\u00f3n\u201d. Universidad Diego Portales<\/p>\n<p>&nbsp;<\/p>\n<h3><strong>Linhas de pesquisa ou \u00e1reas de interesse<\/strong><\/h3>\n<p>Derecho Econ\u00f3mico, Derecho de la Energ\u00eda, Derecho Penal Econ\u00f3mico, Contrataci\u00f3n Internacional y Protecci\u00f3n de Datos<\/p>\n<p>&nbsp;<\/p>\n<h3><strong>Publica\u00e7\u00f5es<\/strong><\/h3>\n<p>Estudio \u201cLa regla de decisi\u00f3n del panel de expertos y su efecto en la predictibilidad de los dict\u00e1menes\u201d en el Libro Resoluci\u00f3n de Discrepancias en el Sector El\u00e9ctrico, Panel de Expertos y Programa de Derecho Administrativo Econ\u00f3mico de la Pontificia Universidad Cat\u00f3lica.<\/p>\n<p>&nbsp;<\/p>\n<p>\u201cEjercicio de La Potestad Reglamentaria en Materias Financieras\u201d Libro Estudios de Regulaci\u00f3n empresarial<\/p>\n<p>&nbsp;<\/p>\n<p>\u00bfEs necesaria una reforma legal sobre la insolvencia de empresas energe\u0301ticas? Revista ADEner, Actas de Derecho de Energi\u0301a N\u00b0 2<\/p>\n<p>&nbsp;<\/p>\n<p>Cap\u00edtulo \u00abDel cr\u00e9dito al consumidor\u00bb, en el Libro \u201cLa protecci\u00f3n de los derechos de los consumidores\u201d<\/p>\n<p>&nbsp;<\/p>\n<p>Cap\u00edtulo \u00abDel cr\u00e9dito al consumidor\u00bb, en el Libro \u201cLa protecci\u00f3n de los derechos de los consumidores\u201d<\/p>\n<p>&nbsp;<\/p>\n<p>\u201cSanci\u00f3n Penal de la Colusi\u00f3n\u201d. Revista Anales Derecho UC, Temas libre competencia 4<\/p>\n<p>&nbsp;<\/p>\n<p>\u201cReglamento del Servicio P\u00fablico de Voz Sobre Internet: En el Umbral de Nuevos Conceptos de Servicio P\u00fablico de Telecomunicaciones y Concesi\u00f3n\u201d, Bolet\u00edn de Telecomunicaciones, N\u00b0 11, Subsecretar\u00eda de Telecomunicaciones<\/p>\n<p><strong>\u00a0<\/strong><\/p>\n<h3><strong>Ensino<\/strong><\/h3>\n<p>Derecho Econ\u00f3mico. Universidad Diego Portales (Facultad de Derecho)<\/p>\n<p>Derecho de la Energ\u00eda. Universidad Diego Portales (Facultad de Derecho)<\/p>","protected":false},"excerpt":{"rendered":"<p>Educa\u00e7\u00e3o Superior Licenciado en Ciencias Jur\u00eddicas y Sociales. Universidad Cat\u00f3lica de Chile Egresado del Mag\u00edster de Derecho Econ\u00f3mico. \u00a0Universidad de Chile Diplomado en \u201cComercio, Inversiones y Contrataci\u00f3n Internacional: Nueva Regulaci\u00f3n de los Negocios en el Mundo Globalizado\u201d, Pontificia Universidad Cat\u00f3lica de Chile y World Trade Institute Diplomado en \u201cDerecho Penal Econ\u00f3mico\u201d. Universidad Alberto Hurtado Diplomado [&hellip;]<\/p>\n","protected":false},"author":5,"featured_media":508,"parent":117,"menu_order":7,"comment_status":"closed","ping_status":"closed","template":"","meta":{"_acf_changed":false,"footnotes":""},"class_list":["post-367","page","type-page","status-publish","has-post-thumbnail","hentry"],"acf":[],"_links":{"self":[{"href":"https:\/\/derechodelosnegocios.udp.cl\/pb\/wp-json\/wp\/v2\/pages\/367"}],"collection":[{"href":"https:\/\/derechodelosnegocios.udp.cl\/pb\/wp-json\/wp\/v2\/pages"}],"about":[{"href":"https:\/\/derechodelosnegocios.udp.cl\/pb\/wp-json\/wp\/v2\/types\/page"}],"author":[{"embeddable":true,"href":"https:\/\/derechodelosnegocios.udp.cl\/pb\/wp-json\/wp\/v2\/users\/5"}],"replies":[{"embeddable":true,"href":"https:\/\/derechodelosnegocios.udp.cl\/pb\/wp-json\/wp\/v2\/comments?post=367"}],"version-history":[{"count":7,"href":"https:\/\/derechodelosnegocios.udp.cl\/pb\/wp-json\/wp\/v2\/pages\/367\/revisions"}],"predecessor-version":[{"id":1566,"href":"https:\/\/derechodelosnegocios.udp.cl\/pb\/wp-json\/wp\/v2\/pages\/367\/revisions\/1566"}],"up":[{"embeddable":true,"href":"https:\/\/derechodelosnegocios.udp.cl\/pb\/wp-json\/wp\/v2\/pages\/117"}],"wp:featuredmedia":[{"embeddable":true,"href":"https:\/\/derechodelosnegocios.udp.cl\/pb\/wp-json\/wp\/v2\/media\/508"}],"wp:attachment":[{"href":"https:\/\/derechodelosnegocios.udp.cl\/pb\/wp-json\/wp\/v2\/media?parent=367"}],"curies":[{"name":"wp","href":"https:\/\/api.w.org\/{rel}","templated":true}]}}