{"id":371,"date":"2020-08-05T00:36:13","date_gmt":"2020-08-05T00:36:13","guid":{"rendered":"https:\/\/derechodelosnegocios.udp.cl\/cms\/?page_id=371"},"modified":"2021-04-14T14:43:01","modified_gmt":"2021-04-14T14:43:01","slug":"pedro-pablo-leiva-olivares","status":"publish","type":"page","link":"https:\/\/derechodelosnegocios.udp.cl\/pb\/nosotros\/equipo\/pedro-pablo-leiva-olivares\/","title":{"rendered":"Pedro Pablo Leiva Olivares"},"content":{"rendered":"<p><\/p>\n<h3><strong>Educa\u00e7\u00e3o Superior<\/strong><\/h3>\n<p>Licenciado en Ciencias Jur\u00eddicas y Sociales, Universidad Diego Portales<\/p>\n<p>M\u00e1ster en Derecho de la Empresa, Universidad Diego Portales<\/p>\n<p>Diplomado en Comercio Exterior Operativo, Universidad del Desarrollo<\/p>\n<p>Master in Laws (LL.M.), University of California, Davis<\/p>\n<p>Ambassador for Technology and Communications, King\u00b4s Hall International Law Association (KHILA), UC Davis School of Law<\/p>\n<p>&nbsp;<\/p>\n<h3><strong>Linhas de pesquisa ou \u00e1reas de interesse<\/strong><\/h3>\n<p>Derecho de la Empresa, Comercio Exterior, Startup<\/p>\n<p>&nbsp;<\/p>\n<h3><strong>Ensino<\/strong><\/h3>\n<p>Electivo de Startup Law: Innovaci\u00f3n y Derecho. Universidad Diego Portales (Facultad de Derecho)<\/p>","protected":false},"excerpt":{"rendered":"<p>Educa\u00e7\u00e3o Superior Licenciado en Ciencias Jur\u00eddicas y Sociales, Universidad Diego Portales M\u00e1ster en Derecho de la Empresa, Universidad Diego Portales Diplomado en Comercio Exterior Operativo, Universidad del Desarrollo Master in Laws (LL.M.), University of California, Davis Ambassador for Technology and Communications, King\u00b4s Hall International Law Association (KHILA), UC Davis School of Law &nbsp; Linhas de [&hellip;]<\/p>\n","protected":false},"author":5,"featured_media":506,"parent":117,"menu_order":11,"comment_status":"closed","ping_status":"closed","template":"","meta":{"_acf_changed":false,"footnotes":""},"class_list":["post-371","page","type-page","status-publish","has-post-thumbnail","hentry"],"acf":[],"_links":{"self":[{"href":"https:\/\/derechodelosnegocios.udp.cl\/pb\/wp-json\/wp\/v2\/pages\/371"}],"collection":[{"href":"https:\/\/derechodelosnegocios.udp.cl\/pb\/wp-json\/wp\/v2\/pages"}],"about":[{"href":"https:\/\/derechodelosnegocios.udp.cl\/pb\/wp-json\/wp\/v2\/types\/page"}],"author":[{"embeddable":true,"href":"https:\/\/derechodelosnegocios.udp.cl\/pb\/wp-json\/wp\/v2\/users\/5"}],"replies":[{"embeddable":true,"href":"https:\/\/derechodelosnegocios.udp.cl\/pb\/wp-json\/wp\/v2\/comments?post=371"}],"version-history":[{"count":12,"href":"https:\/\/derechodelosnegocios.udp.cl\/pb\/wp-json\/wp\/v2\/pages\/371\/revisions"}],"predecessor-version":[{"id":1183,"href":"https:\/\/derechodelosnegocios.udp.cl\/pb\/wp-json\/wp\/v2\/pages\/371\/revisions\/1183"}],"up":[{"embeddable":true,"href":"https:\/\/derechodelosnegocios.udp.cl\/pb\/wp-json\/wp\/v2\/pages\/117"}],"wp:featuredmedia":[{"embeddable":true,"href":"https:\/\/derechodelosnegocios.udp.cl\/pb\/wp-json\/wp\/v2\/media\/506"}],"wp:attachment":[{"href":"https:\/\/derechodelosnegocios.udp.cl\/pb\/wp-json\/wp\/v2\/media?parent=371"}],"curies":[{"name":"wp","href":"https:\/\/api.w.org\/{rel}","templated":true}]}}