{"id":373,"date":"2020-08-05T00:40:04","date_gmt":"2020-08-05T00:40:04","guid":{"rendered":"https:\/\/derechodelosnegocios.udp.cl\/cms\/?page_id=373"},"modified":"2021-03-21T22:14:36","modified_gmt":"2021-03-21T22:14:36","slug":"sergio-antonio-alburquenque-lillo","status":"publish","type":"page","link":"https:\/\/derechodelosnegocios.udp.cl\/pb\/nosotros\/equipo\/sergio-antonio-alburquenque-lillo\/","title":{"rendered":"Sergio Antonio Alburquenque Lillo"},"content":{"rendered":"<p><\/p>\n<h3><strong>Educa\u00e7\u00e3o Superior<\/strong><\/h3>\n<p>Licenciado en Ciencias Jur\u00eddicas y Sociales. Universidad Diego Portales<\/p>\n<p>Diplomado \u201cEspecialista en Econom\u00eda para la Infraestructura\u201d. Facultad de Ciencias Econ\u00f3micas y Administrativas de la Universidad de Chile<\/p>\n<p>Post\u00edtulo \u201cEstado de Derecho y Discrecionalidad Administrativa\u201d, Programas de Mag\u00edster y Post\u00edtulo en Derecho Constitucional de la Facultad de Derecho de la Pontificia Universidad Cat\u00f3lica de Chile<\/p>\n<p>Postgrado de Especializaci\u00f3n en \u201cLa Regulaci\u00f3n y Aplicaci\u00f3n de los Tributos: Nuevas Orientaciones\u201d por la Universidad de Castilla-La Mancha (Toledo)<\/p>\n<p>Doctor \u00a9 Derecho Financiero y Tributario. Facultad de Derecho Universidad Complutense de Madrid<\/p>\n<p>&nbsp;<\/p>\n<h3><strong>Linhas de pesquisa ou \u00e1reas de interesse<\/strong><\/h3>\n<p>Derecho Tributario Comparado, Derechos y Garant\u00edas de los Contribuyentes, Derecho Tributario Constitucional, Derecho Tributario de Emergencia, Derecho Tributario y Migraciones, Tributaci\u00f3n de la Familia, Tributaci\u00f3n local, IVA, Derecho<\/p>\n<p>&nbsp;<\/p>\n<h3><strong>Publica\u00e7\u00f5es<\/strong><\/h3>\n<p>\u201cLa Constituci\u00f3n Tributaria en Chile\u201d. II Jornadas de Derecho Tributario, a publicar por la Editorial Tirant lo Blanch (en prensa).<\/p>\n<p>&nbsp;<\/p>\n<p>\u201cExenciones tributarias\u201d: Por qu\u00e9 urge analizar los m\u00faltiples \u201cbeneficios tributarios&#8221; que se aplican en Chile&#8221;, Ciper Acad\u00e9mico, 09.10.2020.<\/p>\n<p>&nbsp;<\/p>\n<p>\u00abEl COVID-19 y el \u00abDerecho Tributario de Emergencia\u00bb: a prop\u00f3sito de las medidas tributarias adoptadas en Chile para afrontar los efectos de la emergencia sanitaria\u201d, en\u00a0<em>Reforma Tributaria 2020: Principales Cambios<\/em>, Mar\u00eda Pilar Navarro Schiappacasse y \u00c1lvaro Magasich Airola (Coord.), Editorial Tirant lo Blanch, Valencia, 2020, pp. 489-523.<\/p>\n<p>&nbsp;<\/p>\n<p>\u201cLas obligaciones tributarias (y los derechos) de los inmigrantes en Chile: una mirada desde el derecho p\u00fablico nacional, internacional y comparado\u201d. XLIX Jornadas Chilenas de Derecho P\u00fablico, a publicar por la Editorial Tirant lo Blanch (en prensa).<\/p>\n<p>&nbsp;<\/p>\n<p>\u00abPagar a conta da cidade em Santiago do Chile\u201d, en\u00a0<em>Pagar a Conta da Cidade<\/em>, Suzana Tavares da Silva y Fernanda Paula Oliveira (Coord.), Editora Imprensa da Universidade de Coimbra, Coimbra, 2013, pp. 127 y 174. DOI\u00a0<a href=\"https:\/\/doi.org\/10.14195\/978-989-26-1415\">https:\/\/doi.org\/10.14195\/978-989-26-1415<\/a>.<\/p>\n<p><strong>\u00a0<\/strong><\/p>\n<p>\u00abEl modelo portugu\u00e9s de tributaci\u00f3n de la familia\u201d, en\u00a0<em>La tassazione della famiglia: aspetti nazionali e comparati<\/em>, Claudio Sacchetto (Coord.), Rubbetino Editore, Calabria, 2010, pp. 33-61.<\/p>\n<p>&nbsp;<\/p>\n<p>\u201cA publica\u00e7\u00e3o de listas de devedores tribut\u00e1rios: elementos para uma compara\u00e7\u00e3o jur\u00eddica (Portugal \u2013 Chile)\u201d, en Fiscalidade, n\u00bas 26\/27, Lisboa, 2006, pp. 109-199.<\/p>\n<p>&nbsp;<\/p>\n<p>\u00abPosibilidades y l\u00edmites de la comparaci\u00f3n jur\u00eddica desde la perspectiva de la realidad financiera local\u201d, en Diritto e Pratica Tributaria Internazionale, n\u00ba 2\/2006, pp. 483-55.<\/p>\n<p>&nbsp;<\/p>\n<h3><strong>Ensino<\/strong><\/h3>\n<p>Derecho Tributario. Universidad Diego Portales (Facultad de Derecho)<\/p>\n<p>Seminario. Universidad Diego Portales (Facultad de Derecho)<\/p>\n<p>Profesor del Magister en Gesti\u00f3n de Auditor\u00eda y Tributaci\u00f3n, M\u00f3dulo Impuesto a las Ventas y Servicios. Facultad de Derecho Universidad Adolfo Ib\u00e1\u00f1ez<\/p>","protected":false},"excerpt":{"rendered":"<p>Educa\u00e7\u00e3o Superior Licenciado en Ciencias Jur\u00eddicas y Sociales. Universidad Diego Portales Diplomado \u201cEspecialista en Econom\u00eda para la Infraestructura\u201d. Facultad de Ciencias Econ\u00f3micas y Administrativas de la Universidad de Chile Post\u00edtulo \u201cEstado de Derecho y Discrecionalidad Administrativa\u201d, Programas de Mag\u00edster y Post\u00edtulo en Derecho Constitucional de la Facultad de Derecho de la Pontificia Universidad Cat\u00f3lica de [&hellip;]<\/p>\n","protected":false},"author":5,"featured_media":473,"parent":117,"menu_order":1,"comment_status":"closed","ping_status":"closed","template":"","meta":{"_acf_changed":false,"footnotes":""},"class_list":["post-373","page","type-page","status-publish","has-post-thumbnail","hentry"],"acf":[],"_links":{"self":[{"href":"https:\/\/derechodelosnegocios.udp.cl\/pb\/wp-json\/wp\/v2\/pages\/373"}],"collection":[{"href":"https:\/\/derechodelosnegocios.udp.cl\/pb\/wp-json\/wp\/v2\/pages"}],"about":[{"href":"https:\/\/derechodelosnegocios.udp.cl\/pb\/wp-json\/wp\/v2\/types\/page"}],"author":[{"embeddable":true,"href":"https:\/\/derechodelosnegocios.udp.cl\/pb\/wp-json\/wp\/v2\/users\/5"}],"replies":[{"embeddable":true,"href":"https:\/\/derechodelosnegocios.udp.cl\/pb\/wp-json\/wp\/v2\/comments?post=373"}],"version-history":[{"count":10,"href":"https:\/\/derechodelosnegocios.udp.cl\/pb\/wp-json\/wp\/v2\/pages\/373\/revisions"}],"predecessor-version":[{"id":1059,"href":"https:\/\/derechodelosnegocios.udp.cl\/pb\/wp-json\/wp\/v2\/pages\/373\/revisions\/1059"}],"up":[{"embeddable":true,"href":"https:\/\/derechodelosnegocios.udp.cl\/pb\/wp-json\/wp\/v2\/pages\/117"}],"wp:featuredmedia":[{"embeddable":true,"href":"https:\/\/derechodelosnegocios.udp.cl\/pb\/wp-json\/wp\/v2\/media\/473"}],"wp:attachment":[{"href":"https:\/\/derechodelosnegocios.udp.cl\/pb\/wp-json\/wp\/v2\/media?parent=373"}],"curies":[{"name":"wp","href":"https:\/\/api.w.org\/{rel}","templated":true}]}}