{"id":392,"date":"2020-08-05T01:11:57","date_gmt":"2020-08-05T01:11:57","guid":{"rendered":"https:\/\/derechodelosnegocios.udp.cl\/cms\/?page_id=392"},"modified":"2021-03-21T19:11:35","modified_gmt":"2021-03-21T19:11:35","slug":"sergio-rengifo-arostegui","status":"publish","type":"page","link":"https:\/\/derechodelosnegocios.udp.cl\/pb\/nosotros\/equipo\/sergio-rengifo-arostegui\/","title":{"rendered":"Sergio Rengifo Arostegui"},"content":{"rendered":"<p><\/p>\n<h3><strong>Educa\u00e7\u00e3o Superior<\/strong><\/h3>\n<p>Licenciado en Ciencias Jur\u00eddicas y Sociales. Universidad de Chile<\/p>\n<p>Master in Business Law. Universidad Adolfo Ib\u00e1\u00f1ez<\/p>\n<p>Master of Laws (LL.M.) Legal Institutions. University of Wisconsin Law School<\/p>\n<p>&nbsp;<\/p>\n<h3><strong>Linhas de pesquisa ou \u00e1reas de interesse<\/strong><\/h3>\n<p>Derecho societario, corporativo, financiero y mercado de capitales. Contratos de financiamiento locales e internacionales, cr\u00e9ditos sindicados, contratos de derivados, emisi\u00f3n de valores en Chile y en el exterior, materias<\/p>\n<p>&nbsp;<\/p>\n<h3><strong>Ensino<\/strong><\/h3>\n<p>Derecho Comercial. Universidad Diego Portales (Facultad de Derecho)<\/p>","protected":false},"excerpt":{"rendered":"<p>Educa\u00e7\u00e3o Superior Licenciado en Ciencias Jur\u00eddicas y Sociales. Universidad de Chile Master in Business Law. Universidad Adolfo Ib\u00e1\u00f1ez Master of Laws (LL.M.) Legal Institutions. University of Wisconsin Law School &nbsp; Linhas de pesquisa ou \u00e1reas de interesse Derecho societario, corporativo, financiero y mercado de capitales. Contratos de financiamiento locales e internacionales, cr\u00e9ditos sindicados, contratos de [&hellip;]<\/p>\n","protected":false},"author":5,"featured_media":474,"parent":117,"menu_order":18,"comment_status":"closed","ping_status":"closed","template":"","meta":{"_acf_changed":false,"footnotes":""},"class_list":["post-392","page","type-page","status-publish","has-post-thumbnail","hentry"],"acf":[],"_links":{"self":[{"href":"https:\/\/derechodelosnegocios.udp.cl\/pb\/wp-json\/wp\/v2\/pages\/392"}],"collection":[{"href":"https:\/\/derechodelosnegocios.udp.cl\/pb\/wp-json\/wp\/v2\/pages"}],"about":[{"href":"https:\/\/derechodelosnegocios.udp.cl\/pb\/wp-json\/wp\/v2\/types\/page"}],"author":[{"embeddable":true,"href":"https:\/\/derechodelosnegocios.udp.cl\/pb\/wp-json\/wp\/v2\/users\/5"}],"replies":[{"embeddable":true,"href":"https:\/\/derechodelosnegocios.udp.cl\/pb\/wp-json\/wp\/v2\/comments?post=392"}],"version-history":[{"count":5,"href":"https:\/\/derechodelosnegocios.udp.cl\/pb\/wp-json\/wp\/v2\/pages\/392\/revisions"}],"predecessor-version":[{"id":1017,"href":"https:\/\/derechodelosnegocios.udp.cl\/pb\/wp-json\/wp\/v2\/pages\/392\/revisions\/1017"}],"up":[{"embeddable":true,"href":"https:\/\/derechodelosnegocios.udp.cl\/pb\/wp-json\/wp\/v2\/pages\/117"}],"wp:featuredmedia":[{"embeddable":true,"href":"https:\/\/derechodelosnegocios.udp.cl\/pb\/wp-json\/wp\/v2\/media\/474"}],"wp:attachment":[{"href":"https:\/\/derechodelosnegocios.udp.cl\/pb\/wp-json\/wp\/v2\/media?parent=392"}],"curies":[{"name":"wp","href":"https:\/\/api.w.org\/{rel}","templated":true}]}}