{"id":395,"date":"2020-08-05T01:13:55","date_gmt":"2020-08-05T01:13:55","guid":{"rendered":"https:\/\/derechodelosnegocios.udp.cl\/cms\/?page_id=395"},"modified":"2021-04-14T14:38:36","modified_gmt":"2021-04-14T14:38:36","slug":"jaime-andres-luarte-julio","status":"publish","type":"page","link":"https:\/\/derechodelosnegocios.udp.cl\/pb\/nosotros\/equipo\/jaime-andres-luarte-julio\/","title":{"rendered":"Jaime Andr\u00e9s Luarte Julio"},"content":{"rendered":"<p><\/p>\n<h3><strong>Educa\u00e7\u00e3o Superior<\/strong><\/h3>\n<p>Licenciado en Ciencias Jur\u00eddicas y Sociales. Universidad Diego Portales<\/p>\n<p>Diplomado en Seguros Generales y Vida. Universidad de los Andes<\/p>\n<p>Diplomado en Nuevas Tendencias en Contrataci\u00f3n y Da\u00f1os. Pontificia Universidad Cat\u00f3lica de Chile<\/p>\n<p>Master of Laws. Melbourne Law School, The University of Melbourne, Australia<\/p>\n<p>&nbsp;<\/p>\n<h3><strong>Linhas de pesquisa ou \u00e1reas de interesse<\/strong><\/h3>\n<p>Corporativo, Fusiones, Adquisiciones, Inmobiliario, Construcci\u00f3n, Ingenier\u00eda, Comercio Internacional, Banca y Seguros<\/p>\n<p>&nbsp;<\/p>\n<h3><strong>Publica\u00e7\u00f5es<\/strong><\/h3>\n<p>&#8220;Principales modificaciones y objetivos del proyecto que reforma la Ley N\u00ba20659 para perfeccionar y modernizar el Registro de Empresas y Sociedades&#8221;. El Mercurio Legal, 11 de enero de 2021.<\/p>\n<p>&nbsp;<\/p>\n<p>\u201cIncoterms\u00a02020: cambios y avances\u201d, El Mercurio Legal, 27 de enero de 2020.<\/p>\n<p>&nbsp;<\/p>\n<h3><strong>Ensino<\/strong><\/h3>\n<p>Derecho Comercial. Universidad Diego Portales (Facultad de Derecho)<\/p>","protected":false},"excerpt":{"rendered":"<p>Educa\u00e7\u00e3o Superior Licenciado en Ciencias Jur\u00eddicas y Sociales. Universidad Diego Portales Diplomado en Seguros Generales y Vida. Universidad de los Andes Diplomado en Nuevas Tendencias en Contrataci\u00f3n y Da\u00f1os. Pontificia Universidad Cat\u00f3lica de Chile Master of Laws. Melbourne Law School, The University of Melbourne, Australia &nbsp; Linhas de pesquisa ou \u00e1reas de interesse Corporativo, Fusiones, [&hellip;]<\/p>\n","protected":false},"author":5,"featured_media":466,"parent":117,"menu_order":12,"comment_status":"closed","ping_status":"closed","template":"","meta":{"_acf_changed":false,"footnotes":""},"class_list":["post-395","page","type-page","status-publish","has-post-thumbnail","hentry"],"acf":[],"_links":{"self":[{"href":"https:\/\/derechodelosnegocios.udp.cl\/pb\/wp-json\/wp\/v2\/pages\/395"}],"collection":[{"href":"https:\/\/derechodelosnegocios.udp.cl\/pb\/wp-json\/wp\/v2\/pages"}],"about":[{"href":"https:\/\/derechodelosnegocios.udp.cl\/pb\/wp-json\/wp\/v2\/types\/page"}],"author":[{"embeddable":true,"href":"https:\/\/derechodelosnegocios.udp.cl\/pb\/wp-json\/wp\/v2\/users\/5"}],"replies":[{"embeddable":true,"href":"https:\/\/derechodelosnegocios.udp.cl\/pb\/wp-json\/wp\/v2\/comments?post=395"}],"version-history":[{"count":8,"href":"https:\/\/derechodelosnegocios.udp.cl\/pb\/wp-json\/wp\/v2\/pages\/395\/revisions"}],"predecessor-version":[{"id":1182,"href":"https:\/\/derechodelosnegocios.udp.cl\/pb\/wp-json\/wp\/v2\/pages\/395\/revisions\/1182"}],"up":[{"embeddable":true,"href":"https:\/\/derechodelosnegocios.udp.cl\/pb\/wp-json\/wp\/v2\/pages\/117"}],"wp:featuredmedia":[{"embeddable":true,"href":"https:\/\/derechodelosnegocios.udp.cl\/pb\/wp-json\/wp\/v2\/media\/466"}],"wp:attachment":[{"href":"https:\/\/derechodelosnegocios.udp.cl\/pb\/wp-json\/wp\/v2\/media?parent=395"}],"curies":[{"name":"wp","href":"https:\/\/api.w.org\/{rel}","templated":true}]}}