{"id":534,"date":"2020-08-12T16:55:12","date_gmt":"2020-08-12T16:55:12","guid":{"rendered":"https:\/\/derechodelosnegocios.udp.cl\/cms\/?page_id=534"},"modified":"2021-03-28T01:29:01","modified_gmt":"2021-03-28T01:29:01","slug":"francisca-torres-camilo","status":"publish","type":"page","link":"https:\/\/derechodelosnegocios.udp.cl\/pb\/nosotros\/equipo\/francisca-torres-camilo\/","title":{"rendered":"Francisca Torres Camilo"},"content":{"rendered":"<p class=\"qtranxs-available-languages-message qtranxs-available-languages-message-pb\">Desculpe-nos, mas este texto est\u00e1 apenas dispon\u00edvel em <a href=\"https:\/\/derechodelosnegocios.udp.cl\/es\/wp-json\/wp\/v2\/pages\/534\" class=\"qtranxs-available-language-link qtranxs-available-language-link-es\" title=\"Espa\u00f1ol\">Espa\u00f1ol<\/a>.<\/p>","protected":false},"excerpt":{"rendered":"<p>Desculpe-nos, mas este texto est\u00e1 apenas dispon\u00edvel em Espa\u00f1ol.<\/p>\n","protected":false},"author":7,"featured_media":760,"parent":117,"menu_order":14,"comment_status":"closed","ping_status":"closed","template":"","meta":{"_acf_changed":false,"footnotes":""},"class_list":["post-534","page","type-page","status-publish","has-post-thumbnail","hentry"],"acf":[],"_links":{"self":[{"href":"https:\/\/derechodelosnegocios.udp.cl\/pb\/wp-json\/wp\/v2\/pages\/534"}],"collection":[{"href":"https:\/\/derechodelosnegocios.udp.cl\/pb\/wp-json\/wp\/v2\/pages"}],"about":[{"href":"https:\/\/derechodelosnegocios.udp.cl\/pb\/wp-json\/wp\/v2\/types\/page"}],"author":[{"embeddable":true,"href":"https:\/\/derechodelosnegocios.udp.cl\/pb\/wp-json\/wp\/v2\/users\/7"}],"replies":[{"embeddable":true,"href":"https:\/\/derechodelosnegocios.udp.cl\/pb\/wp-json\/wp\/v2\/comments?post=534"}],"version-history":[{"count":6,"href":"https:\/\/derechodelosnegocios.udp.cl\/pb\/wp-json\/wp\/v2\/pages\/534\/revisions"}],"predecessor-version":[{"id":1130,"href":"https:\/\/derechodelosnegocios.udp.cl\/pb\/wp-json\/wp\/v2\/pages\/534\/revisions\/1130"}],"up":[{"embeddable":true,"href":"https:\/\/derechodelosnegocios.udp.cl\/pb\/wp-json\/wp\/v2\/pages\/117"}],"wp:featuredmedia":[{"embeddable":true,"href":"https:\/\/derechodelosnegocios.udp.cl\/pb\/wp-json\/wp\/v2\/media\/760"}],"wp:attachment":[{"href":"https:\/\/derechodelosnegocios.udp.cl\/pb\/wp-json\/wp\/v2\/media?parent=534"}],"curies":[{"name":"wp","href":"https:\/\/api.w.org\/{rel}","templated":true}]}}