{"id":57,"date":"2020-02-10T09:30:41","date_gmt":"2020-02-10T09:30:41","guid":{"rendered":"https:\/\/derechodelosnegocios.portablehost3.net\/cms\/?page_id=57"},"modified":"2021-04-23T20:27:58","modified_gmt":"2021-04-23T20:27:58","slug":"nosotros","status":"publish","type":"page","link":"https:\/\/derechodelosnegocios.udp.cl\/pb\/nosotros\/","title":{"rendered":"N\u00f3s"},"content":{"rendered":"<p><\/p>\n<h3><strong>Hist\u00f3ria<\/strong><\/h3>\n<p>O Direito dos Neg\u00f3cios \u00e9 uma \u00e1rea interdisciplinar que desde os \u00faltimos anos \u00e9 parte integrante de programas de estudos de v\u00e1rias Universidades do mundo.<\/p>\n<p>O Departamento de Neg\u00f3cios da UDP foi criado em 2019 em conson\u00e2ncia com a tend\u00eancia mundial e com o objetivo de articular as diferentes mat\u00e9rias jur\u00eddicas e econ\u00f3micas lecionadas na Faculdade de Direito \u00e0 volta de um elemento comum: os neg\u00f3cios e seus efeitos jur\u00eddicos e econ\u00f3micos.<\/p>\n<p>O Departamento de Direito dos Neg\u00f3cios nasce com a aspira\u00e7\u00e3o de ser um espa\u00e7o plural de encontro, forma\u00e7\u00e3o e delibera\u00e7\u00e3o acad\u00e9mica sobre os aspetos jur\u00eddicos e econ\u00f3micos dos neg\u00f3cios num sentido amplo.<\/p>","protected":false},"excerpt":{"rendered":"<p>Hist\u00f3ria O Direito dos Neg\u00f3cios \u00e9 uma \u00e1rea interdisciplinar que desde os \u00faltimos anos \u00e9 parte integrante de programas de estudos de v\u00e1rias Universidades do mundo. O Departamento de Neg\u00f3cios da UDP foi criado em 2019 em conson\u00e2ncia com a tend\u00eancia mundial e com o objetivo de articular as diferentes mat\u00e9rias jur\u00eddicas e econ\u00f3micas lecionadas [&hellip;]<\/p>\n","protected":false},"author":2,"featured_media":303,"parent":0,"menu_order":0,"comment_status":"closed","ping_status":"closed","template":"","meta":{"_acf_changed":false,"footnotes":""},"class_list":["post-57","page","type-page","status-publish","has-post-thumbnail","hentry"],"acf":[],"_links":{"self":[{"href":"https:\/\/derechodelosnegocios.udp.cl\/pb\/wp-json\/wp\/v2\/pages\/57"}],"collection":[{"href":"https:\/\/derechodelosnegocios.udp.cl\/pb\/wp-json\/wp\/v2\/pages"}],"about":[{"href":"https:\/\/derechodelosnegocios.udp.cl\/pb\/wp-json\/wp\/v2\/types\/page"}],"author":[{"embeddable":true,"href":"https:\/\/derechodelosnegocios.udp.cl\/pb\/wp-json\/wp\/v2\/users\/2"}],"replies":[{"embeddable":true,"href":"https:\/\/derechodelosnegocios.udp.cl\/pb\/wp-json\/wp\/v2\/comments?post=57"}],"version-history":[{"count":82,"href":"https:\/\/derechodelosnegocios.udp.cl\/pb\/wp-json\/wp\/v2\/pages\/57\/revisions"}],"predecessor-version":[{"id":1369,"href":"https:\/\/derechodelosnegocios.udp.cl\/pb\/wp-json\/wp\/v2\/pages\/57\/revisions\/1369"}],"wp:featuredmedia":[{"embeddable":true,"href":"https:\/\/derechodelosnegocios.udp.cl\/pb\/wp-json\/wp\/v2\/media\/303"}],"wp:attachment":[{"href":"https:\/\/derechodelosnegocios.udp.cl\/pb\/wp-json\/wp\/v2\/media?parent=57"}],"curies":[{"name":"wp","href":"https:\/\/api.w.org\/{rel}","templated":true}]}}