{"id":787,"date":"2020-09-08T01:16:29","date_gmt":"2020-09-08T01:16:29","guid":{"rendered":"https:\/\/derechodelosnegocios.udp.cl\/cms\/?page_id=787"},"modified":"2021-03-28T00:29:36","modified_gmt":"2021-03-28T00:29:36","slug":"javiera-aravena-araneda","status":"publish","type":"page","link":"https:\/\/derechodelosnegocios.udp.cl\/pb\/nosotros\/equipo\/javiera-aravena-araneda\/","title":{"rendered":"Javiera Aravena Araneda"},"content":{"rendered":"<p class=\"qtranxs-available-languages-message qtranxs-available-languages-message-pb\">Desculpe-nos, mas este texto est\u00e1 apenas dispon\u00edvel em <a href=\"https:\/\/derechodelosnegocios.udp.cl\/es\/wp-json\/wp\/v2\/pages\/787\" class=\"qtranxs-available-language-link qtranxs-available-language-link-es\" title=\"Espa\u00f1ol\">Espa\u00f1ol<\/a> y <a href=\"https:\/\/derechodelosnegocios.udp.cl\/en\/wp-json\/wp\/v2\/pages\/787\" class=\"qtranxs-available-language-link qtranxs-available-language-link-en\" title=\"English\">English<\/a>.<\/p>","protected":false},"excerpt":{"rendered":"<p>Desculpe-nos, mas este texto est\u00e1 apenas dispon\u00edvel em Espa\u00f1ol y English.<\/p>\n","protected":false},"author":4,"featured_media":791,"parent":117,"menu_order":1,"comment_status":"closed","ping_status":"closed","template":"","meta":{"_acf_changed":false,"footnotes":""},"class_list":["post-787","page","type-page","status-publish","has-post-thumbnail","hentry"],"acf":[],"_links":{"self":[{"href":"https:\/\/derechodelosnegocios.udp.cl\/pb\/wp-json\/wp\/v2\/pages\/787"}],"collection":[{"href":"https:\/\/derechodelosnegocios.udp.cl\/pb\/wp-json\/wp\/v2\/pages"}],"about":[{"href":"https:\/\/derechodelosnegocios.udp.cl\/pb\/wp-json\/wp\/v2\/types\/page"}],"author":[{"embeddable":true,"href":"https:\/\/derechodelosnegocios.udp.cl\/pb\/wp-json\/wp\/v2\/users\/4"}],"replies":[{"embeddable":true,"href":"https:\/\/derechodelosnegocios.udp.cl\/pb\/wp-json\/wp\/v2\/comments?post=787"}],"version-history":[{"count":8,"href":"https:\/\/derechodelosnegocios.udp.cl\/pb\/wp-json\/wp\/v2\/pages\/787\/revisions"}],"predecessor-version":[{"id":1115,"href":"https:\/\/derechodelosnegocios.udp.cl\/pb\/wp-json\/wp\/v2\/pages\/787\/revisions\/1115"}],"up":[{"embeddable":true,"href":"https:\/\/derechodelosnegocios.udp.cl\/pb\/wp-json\/wp\/v2\/pages\/117"}],"wp:featuredmedia":[{"embeddable":true,"href":"https:\/\/derechodelosnegocios.udp.cl\/pb\/wp-json\/wp\/v2\/media\/791"}],"wp:attachment":[{"href":"https:\/\/derechodelosnegocios.udp.cl\/pb\/wp-json\/wp\/v2\/media?parent=787"}],"curies":[{"name":"wp","href":"https:\/\/api.w.org\/{rel}","templated":true}]}}