{"id":846,"date":"2021-03-14T22:43:16","date_gmt":"2021-03-14T22:43:16","guid":{"rendered":"https:\/\/derechodelosnegocios.udp.cl\/cms\/?page_id=846"},"modified":"2021-04-17T20:43:25","modified_gmt":"2021-04-17T20:43:25","slug":"juan-jose-valenzuela-rodriguez","status":"publish","type":"page","link":"https:\/\/derechodelosnegocios.udp.cl\/pb\/nosotros\/equipo\/juan-jose-valenzuela-rodriguez\/","title":{"rendered":"Juan Jos\u00e9 Valenzuela"},"content":{"rendered":"<p><\/p>\n<h3><strong>Educa\u00e7\u00e3o Superior<\/strong><\/h3>\n<p>Licenciado en Ciencias Jur\u00eddicas y Sociales. Universidad de Chile<\/p>\n<p>Diplomado en Derecho de Seguros para Abogados, Escuela de Seguros de Chile<\/p>\n<p>M\u00e1ster en Derecho (LL.M.). New York University School of Law<\/p>\n<p>&nbsp;<\/p>\n<h3><strong>Linhas de pesquisa ou \u00e1reas de interesse<\/strong><\/h3>\n<p>Derecho Corporativo, Seguros, Derecho Bancario y Financiero<\/p>\n<p>&nbsp;<\/p>\n<h3><strong>Publica\u00e7\u00f5es<\/strong><\/h3>\n<p>\u201cEl rol de los abogados en la inversi\u00f3n de los Fondos de Pensiones y de Cesant\u00eda Solidario en activos alternativos\u201d, columna publicada en El Mercurio Legal, Edici\u00f3n del 2 de febrero de 2018. Disponible en\u00a0<a href=\"http:\/\/www.elmercurio.com\/Legal\/Noticias\/Opinion\/2018\/02\/02\/\">http:\/\/www.elmercurio.com\/Legal\/Noticias\/Opinion\/2018\/02\/02\/<\/a><\/p>\n<p>&nbsp;<\/p>\n<h3><strong>Ensino<\/strong><\/h3>\n<p>Derecho Comercial. Universidad Diego Portales (Facultad de Derecho)<\/p>","protected":false},"excerpt":{"rendered":"<p>Educa\u00e7\u00e3o Superior Licenciado en Ciencias Jur\u00eddicas y Sociales. Universidad de Chile Diplomado en Derecho de Seguros para Abogados, Escuela de Seguros de Chile M\u00e1ster en Derecho (LL.M.). New York University School of Law &nbsp; Linhas de pesquisa ou \u00e1reas de interesse Derecho Corporativo, Seguros, Derecho Bancario y Financiero &nbsp; Publica\u00e7\u00f5es \u201cEl rol de los abogados [&hellip;]<\/p>\n","protected":false},"author":4,"featured_media":1184,"parent":117,"menu_order":23,"comment_status":"closed","ping_status":"closed","template":"","meta":{"_acf_changed":false,"footnotes":""},"class_list":["post-846","page","type-page","status-publish","has-post-thumbnail","hentry"],"acf":[],"_links":{"self":[{"href":"https:\/\/derechodelosnegocios.udp.cl\/pb\/wp-json\/wp\/v2\/pages\/846"}],"collection":[{"href":"https:\/\/derechodelosnegocios.udp.cl\/pb\/wp-json\/wp\/v2\/pages"}],"about":[{"href":"https:\/\/derechodelosnegocios.udp.cl\/pb\/wp-json\/wp\/v2\/types\/page"}],"author":[{"embeddable":true,"href":"https:\/\/derechodelosnegocios.udp.cl\/pb\/wp-json\/wp\/v2\/users\/4"}],"replies":[{"embeddable":true,"href":"https:\/\/derechodelosnegocios.udp.cl\/pb\/wp-json\/wp\/v2\/comments?post=846"}],"version-history":[{"count":16,"href":"https:\/\/derechodelosnegocios.udp.cl\/pb\/wp-json\/wp\/v2\/pages\/846\/revisions"}],"predecessor-version":[{"id":1186,"href":"https:\/\/derechodelosnegocios.udp.cl\/pb\/wp-json\/wp\/v2\/pages\/846\/revisions\/1186"}],"up":[{"embeddable":true,"href":"https:\/\/derechodelosnegocios.udp.cl\/pb\/wp-json\/wp\/v2\/pages\/117"}],"wp:featuredmedia":[{"embeddable":true,"href":"https:\/\/derechodelosnegocios.udp.cl\/pb\/wp-json\/wp\/v2\/media\/1184"}],"wp:attachment":[{"href":"https:\/\/derechodelosnegocios.udp.cl\/pb\/wp-json\/wp\/v2\/media?parent=846"}],"curies":[{"name":"wp","href":"https:\/\/api.w.org\/{rel}","templated":true}]}}